{"id":218,"date":"2024-08-05T14:47:04","date_gmt":"2024-08-05T14:47:04","guid":{"rendered":"https:\/\/lipoedem-zentrum-aachen.de\/?page_id=218"},"modified":"2024-08-14T14:41:08","modified_gmt":"2024-08-14T14:41:08","slug":"stadien","status":"publish","type":"page","link":"https:\/\/lipoedem-zentrum-aachen.de\/index.php\/stadien\/","title":{"rendered":"Stadien"},"content":{"rendered":"\t\t<div data-elementor-type=\"wp-page\" data-elementor-id=\"218\" class=\"elementor elementor-218\" data-elementor-post-type=\"page\">\n\t\t\t\t<div class=\"elementor-element elementor-element-79e31df e-flex e-con-boxed e-con e-parent\" data-id=\"79e31df\" data-element_type=\"container\" data-e-type=\"container\">\n\t\t\t\t\t<div class=\"e-con-inner\">\n\t\t\t\t<div class=\"elementor-element elementor-element-a20bf74 elementor-widget elementor-widget-heading\" data-id=\"a20bf74\" data-element_type=\"widget\" data-e-type=\"widget\" data-widget_type=\"heading.default\">\n\t\t\t\t<div class=\"elementor-widget-container\">\n\t\t\t\t\t<h1 class=\"elementor-heading-title elementor-size-default\">Stadien und Auspr\u00e4gungen eines Lip\u00f6dems<\/h1>\t\t\t\t<\/div>\n\t\t\t\t<\/div>\n\t\t\t\t\t<\/div>\n\t\t\t\t<\/div>\n\t\t<div class=\"elementor-element elementor-element-ff02b08 e-flex e-con-boxed e-con e-parent\" data-id=\"ff02b08\" data-element_type=\"container\" data-e-type=\"container\">\n\t\t\t\t\t<div class=\"e-con-inner\">\n\t\t\t\t<div class=\"elementor-element elementor-element-bfed814 elementor-widget elementor-widget-text-editor\" data-id=\"bfed814\" data-element_type=\"widget\" data-e-type=\"widget\" data-widget_type=\"text-editor.default\">\n\t\t\t\t<div class=\"elementor-widget-container\">\n\t\t\t\t\t\t\t\t\t<p style=\"text-align: center;\">Lip\u00f6dem wird in 3 unterschiedliche Stadien eingeteilt.<\/p><h2 style=\"text-align: center;\">Lip\u00f6dem Stadium 1, 2 &amp; 3<\/h2>\t\t\t\t\t\t\t\t<\/div>\n\t\t\t\t<\/div>\n\t\t\t\t<div class=\"elementor-element elementor-element-69ce532 elementor-widget elementor-widget-image\" data-id=\"69ce532\" data-element_type=\"widget\" data-e-type=\"widget\" data-widget_type=\"image.default\">\n\t\t\t\t<div class=\"elementor-widget-container\">\n\t\t\t\t\t\t\t\t\t\t\t\t\t\t\t<img fetchpriority=\"high\" decoding=\"async\" width=\"696\" height=\"570\" src=\"https:\/\/lipoedem-zentrum-aachen.de\/wp-content\/uploads\/2024\/08\/lipoedem-stadien.jpg\" class=\"attachment-medium_large size-medium_large wp-image-812\" alt=\"Lip\u00f6dem Stadien\" srcset=\"https:\/\/lipoedem-zentrum-aachen.de\/wp-content\/uploads\/2024\/08\/lipoedem-stadien.jpg 696w, https:\/\/lipoedem-zentrum-aachen.de\/wp-content\/uploads\/2024\/08\/lipoedem-stadien-300x246.jpg 300w\" sizes=\"(max-width: 696px) 100vw, 696px\" \/>\t\t\t\t\t\t\t\t\t\t\t\t\t\t\t<\/div>\n\t\t\t\t<\/div>\n\t\t\t\t\t<\/div>\n\t\t\t\t<\/div>\n\t\t<div class=\"elementor-element elementor-element-319245a e-flex e-con-boxed e-con e-parent\" data-id=\"319245a\" data-element_type=\"container\" data-e-type=\"container\">\n\t\t\t\t\t<div class=\"e-con-inner\">\n\t\t<div class=\"elementor-element elementor-element-733d49c e-con-full e-flex e-con e-child\" data-id=\"733d49c\" data-element_type=\"container\" data-e-type=\"container\">\n\t\t\t\t<div class=\"elementor-element elementor-element-40af8fe elementor-widget elementor-widget-text-editor\" data-id=\"40af8fe\" data-element_type=\"widget\" data-e-type=\"widget\" data-widget_type=\"text-editor.default\">\n\t\t\t\t<div class=\"elementor-widget-container\">\n\t\t\t\t\t\t\t\t\t<h3 style=\"text-align: left;\"><strong>Lip\u00f6dem Stadium 1<\/strong><\/h3><ul><li>Haut ist noch glatt und gleichm\u00e4\u00dfig<\/li><li>Tendenz zur Reiterhose wahrnehmbar<\/li><li>Unterhautgewebe f\u00fchlt sich weich und verdickt an<\/li><\/ul>\t\t\t\t\t\t\t\t<\/div>\n\t\t\t\t<\/div>\n\t\t\t\t<\/div>\n\t\t<div class=\"elementor-element elementor-element-8643c38 e-con-full e-flex e-con e-child\" data-id=\"8643c38\" data-element_type=\"container\" data-e-type=\"container\">\n\t\t\t\t<div class=\"elementor-element elementor-element-6634ae5 elementor-widget elementor-widget-text-editor\" data-id=\"6634ae5\" data-element_type=\"widget\" data-e-type=\"widget\" data-widget_type=\"text-editor.default\">\n\t\t\t\t<div class=\"elementor-widget-container\">\n\t\t\t\t\t\t\t\t\t<h3><strong>Lip\u00f6dem Stadium 2<\/strong><\/h3><ul><li>Hautoberbl\u00e4che ist grobknotig<\/li><li>gro\u00dfe Dellen\u00a0<\/li><li>walnussgro\u00dfe Knoten<\/li><li>Matrazenhaut<\/li><\/ul>\t\t\t\t\t\t\t\t<\/div>\n\t\t\t\t<\/div>\n\t\t\t\t<\/div>\n\t\t<div class=\"elementor-element elementor-element-790c058 e-con-full e-flex e-con e-child\" data-id=\"790c058\" data-element_type=\"container\" data-e-type=\"container\">\n\t\t\t\t<div class=\"elementor-element elementor-element-9a8c6ee elementor-widget elementor-widget-text-editor\" data-id=\"9a8c6ee\" data-element_type=\"widget\" data-e-type=\"widget\" data-widget_type=\"text-editor.default\">\n\t\t\t\t<div class=\"elementor-widget-container\">\n\t\t\t\t\t\t\t\t\t<h3><strong>Lip\u00f6dem Stadium 3<\/strong><\/h3><ul><li>Erkrankung ist un\u00fcbersehbar<\/li><li>ausgepr\u00e4gte Umfangsvermehrung<\/li><li>klare Anzeichen von Fettverteilungsst\u00f6rung<\/li><\/ul>\t\t\t\t\t\t\t\t<\/div>\n\t\t\t\t<\/div>\n\t\t\t\t<\/div>\n\t\t\t\t\t<\/div>\n\t\t\t\t<\/div>\n\t\t<div class=\"elementor-element elementor-element-20db45f e-flex e-con-boxed elementor-invisible e-con e-parent\" data-id=\"20db45f\" data-element_type=\"container\" data-e-type=\"container\" data-settings=\"{&quot;animation&quot;:&quot;fadeInRight&quot;}\">\n\t\t\t\t\t<div class=\"e-con-inner\">\n\t\t\t\t<div class=\"elementor-element elementor-element-163fe5b elementor-widget elementor-widget-text-editor\" data-id=\"163fe5b\" data-element_type=\"widget\" data-e-type=\"widget\" data-widget_type=\"text-editor.default\">\n\t\t\t\t<div class=\"elementor-widget-container\">\n\t\t\t\t\t\t\t\t\t<h3 style=\"text-align: center;\">Wichtig zum Thema Stadien:<\/h3><p><strong>Die Stadieneinteilung gilt nicht als Ma\u00df f\u00fcr die Schwere der Krankheit.<\/strong> Sie orientiert sich nur an den Ver\u00e4nderungen der K\u00f6rpersilhouette und nicht nach den Beschwerden \u2013 insbesondere eventueller Schmerzen. <b>Eine Einteilung f\u00fcr Beschwerden existiert bisher nicht.<\/b><\/p>\t\t\t\t\t\t\t\t<\/div>\n\t\t\t\t<\/div>\n\t\t\t\t\t<\/div>\n\t\t\t\t<\/div>\n\t\t<div class=\"elementor-element elementor-element-56b8838 e-flex e-con-boxed e-con e-parent\" data-id=\"56b8838\" data-element_type=\"container\" data-e-type=\"container\">\n\t\t\t\t\t<div class=\"e-con-inner\">\n\t\t\t\t<div class=\"elementor-element elementor-element-6b90e50 elementor-widget elementor-widget-text-editor\" data-id=\"6b90e50\" data-element_type=\"widget\" data-e-type=\"widget\" data-widget_type=\"text-editor.default\">\n\t\t\t\t<div class=\"elementor-widget-container\">\n\t\t\t\t\t\t\t\t\t<h2 aria-level=\"1\">Unterschiedliche Typen von Lip\u00f6dem<\/h2><p>Im Internet, den Sozialen Medien oder bei den KI-Tools wie Chat-GPT erhalten Sie oft unterschiedliche Typen des Lip\u00f6dems, welche sich an den betroffenen K\u00f6rperteilen orientieren (z. B. H\u00fcfte, Oberschenkel, Arme, etc.). Die einen Oberfl\u00e4chen sprechen von 3, andere von 4 oder 5 Lip\u00f6dem-Typen. In offiziellen Studien bzw. fachlichen Ver\u00f6ffentlichungen finden diese keine Ber\u00fccksichtigung, da sie eher verwirren, statt helfen.<\/p><p>Wir halten uns an offizielle Leitlinien und Dokumentationen (z. B. international consensus paper: lipoedema: a paradigm shift.\u00a0Publiziert 2020, Federf\u00fchrend Dr. Tobias Bertsch <a href=\"https:\/\/www.gdlymph.eu\/assets\/pdf\/JWC-Consensus-Lipoedema.pdf\">JWC-Consensus-Lipoedema.pdf (gdlymph.eu)<\/a> oder den Informationen der Arbeitsgruppe Lip\u00f6dem der Deutschen Gesellschaft f\u00fcr Phlebologie und Lymphologie <a href=\"https:\/\/www.phlebology.de\/patienten\/venenkrankheiten\/lipoedem\/\">Lip\u00f6dem &#8211; Deutsche Gesellschaft f\u00fcr Phlebologie und Lymphologie DGPL \u2013 Venenheilkunde (phlebology.de)<\/a> ).<\/p>\t\t\t\t\t\t\t\t<\/div>\n\t\t\t\t<\/div>\n\t\t\t\t\t<\/div>\n\t\t\t\t<\/div>\n\t\t<div class=\"elementor-element elementor-element-3eca332 e-grid e-con-boxed elementor-invisible e-con e-parent\" data-id=\"3eca332\" data-element_type=\"container\" data-e-type=\"container\" data-settings=\"{&quot;animation&quot;:&quot;fadeIn&quot;}\">\n\t\t\t\t\t<div class=\"e-con-inner\">\n\t\t\t\t<div class=\"elementor-element elementor-element-a5596d5 elementor-align-center elementor-widget elementor-widget-button\" data-id=\"a5596d5\" data-element_type=\"widget\" data-e-type=\"widget\" data-widget_type=\"button.default\">\n\t\t\t\t<div class=\"elementor-widget-container\">\n\t\t\t\t\t\t\t\t\t<div class=\"elementor-button-wrapper\">\n\t\t\t\t\t<a class=\"elementor-button elementor-button-link elementor-size-sm\" href=\"https:\/\/lipoedem-zentrum-aachen.de\/index.php\/grundsaetzliches\/\">\n\t\t\t\t\t\t<span class=\"elementor-button-content-wrapper\">\n\t\t\t\t\t\t\t\t\t<span class=\"elementor-button-text\">Grunds\u00e4tzliches, Diagnose und Symptome<\/span>\n\t\t\t\t\t<\/span>\n\t\t\t\t\t<\/a>\n\t\t\t\t<\/div>\n\t\t\t\t\t\t\t\t<\/div>\n\t\t\t\t<\/div>\n\t\t\t\t<div class=\"elementor-element elementor-element-38aeee0 elementor-align-center elementor-widget elementor-widget-button\" data-id=\"38aeee0\" data-element_type=\"widget\" data-e-type=\"widget\" data-widget_type=\"button.default\">\n\t\t\t\t<div class=\"elementor-widget-container\">\n\t\t\t\t\t\t\t\t\t<div class=\"elementor-button-wrapper\">\n\t\t\t\t\t<a class=\"elementor-button elementor-button-link elementor-size-sm\" href=\"https:\/\/lipoedem-zentrum-aachen.de\/index.php\/behandlung\/\">\n\t\t\t\t\t\t<span class=\"elementor-button-content-wrapper\">\n\t\t\t\t\t\t\t\t\t<span class=\"elementor-button-text\">Behandlung und Therapieformen<\/span>\n\t\t\t\t\t<\/span>\n\t\t\t\t\t<\/a>\n\t\t\t\t<\/div>\n\t\t\t\t\t\t\t\t<\/div>\n\t\t\t\t<\/div>\n\t\t\t\t<div class=\"elementor-element elementor-element-87f82e4 elementor-align-center elementor-widget elementor-widget-button\" data-id=\"87f82e4\" data-element_type=\"widget\" data-e-type=\"widget\" data-widget_type=\"button.default\">\n\t\t\t\t<div class=\"elementor-widget-container\">\n\t\t\t\t\t\t\t\t\t<div class=\"elementor-button-wrapper\">\n\t\t\t\t\t<a class=\"elementor-button elementor-button-link elementor-size-sm\" href=\"https:\/\/lipoedem-zentrum-aachen.de\/index.php\/fragen-und-antworten\/\">\n\t\t\t\t\t\t<span class=\"elementor-button-content-wrapper\">\n\t\t\t\t\t\t\t\t\t<span class=\"elementor-button-text\">Fragen und Antworten zum Lip\u00f6dem<\/span>\n\t\t\t\t\t<\/span>\n\t\t\t\t\t<\/a>\n\t\t\t\t<\/div>\n\t\t\t\t\t\t\t\t<\/div>\n\t\t\t\t<\/div>\n\t\t\t\t<div class=\"elementor-element elementor-element-a039a43 elementor-align-center elementor-widget elementor-widget-button\" data-id=\"a039a43\" data-element_type=\"widget\" data-e-type=\"widget\" data-widget_type=\"button.default\">\n\t\t\t\t<div class=\"elementor-widget-container\">\n\t\t\t\t\t\t\t\t\t<div class=\"elementor-button-wrapper\">\n\t\t\t\t\t<a class=\"elementor-button elementor-button-link elementor-size-sm\" href=\"https:\/\/lipoedem-zentrum-aachen.de\/index.php\/unser-team\/\">\n\t\t\t\t\t\t<span class=\"elementor-button-content-wrapper\">\n\t\t\t\t\t\t\t\t\t<span class=\"elementor-button-text\">Unser Team vom Lip\u00f6dem-Zentrum<\/span>\n\t\t\t\t\t<\/span>\n\t\t\t\t\t<\/a>\n\t\t\t\t<\/div>\n\t\t\t\t\t\t\t\t<\/div>\n\t\t\t\t<\/div>\n\t\t\t\t\t<\/div>\n\t\t\t\t<\/div>\n\t\t\t\t<\/div>\n\t\t","protected":false},"excerpt":{"rendered":"<p>Stadien und Auspr\u00e4gungen eines Lip\u00f6dems Lip\u00f6dem wird in 3 unterschiedliche Stadien eingeteilt. Lip\u00f6dem Stadium 1, 2 &amp; 3 Lip\u00f6dem Stadium 1 Haut ist noch glatt und gleichm\u00e4\u00dfig Tendenz zur Reiterhose wahrnehmbar Unterhautgewebe f\u00fchlt sich weich und verdickt an Lip\u00f6dem Stadium 2 Hautoberbl\u00e4che ist grobknotig gro\u00dfe Dellen\u00a0 walnussgro\u00dfe Knoten Matrazenhaut Lip\u00f6dem Stadium 3 Erkrankung ist un\u00fcbersehbar [&hellip;]<\/p>\n","protected":false},"author":1,"featured_media":812,"parent":0,"menu_order":0,"comment_status":"closed","ping_status":"closed","template":"","meta":{"footnotes":""},"class_list":["post-218","page","type-page","status-publish","has-post-thumbnail","hentry"],"yoast_head":"<!-- This site is optimized with the Yoast SEO plugin v27.3 - https:\/\/yoast.com\/product\/yoast-seo-wordpress\/ -->\n<title>Stadien - Lip\u00f6dem Zentrum Aachen<\/title>\n<meta name=\"description\" content=\"Lip\u00f6dem Stadien und Auspr\u00e4gungen - welche Unterschiede gibt es und wie wirken sich diese aus? Erfahren Sie mehr zur Fettverteilungsst\u00f6rung\" \/>\n<meta name=\"robots\" content=\"index, follow, max-snippet:-1, max-image-preview:large, max-video-preview:-1\" \/>\n<link rel=\"canonical\" href=\"https:\/\/lipoedem-zentrum-aachen.de\/index.php\/stadien\/\" \/>\n<meta property=\"og:locale\" content=\"de_DE\" \/>\n<meta property=\"og:type\" content=\"article\" \/>\n<meta property=\"og:title\" content=\"Stadien - Lip\u00f6dem Zentrum Aachen\" \/>\n<meta property=\"og:description\" content=\"Lip\u00f6dem Stadien und Auspr\u00e4gungen - welche Unterschiede gibt es und wie wirken sich diese aus? Erfahren Sie mehr zur Fettverteilungsst\u00f6rung\" \/>\n<meta property=\"og:url\" content=\"https:\/\/lipoedem-zentrum-aachen.de\/index.php\/stadien\/\" \/>\n<meta property=\"og:site_name\" content=\"Lip\u00f6dem Zentrum Aachen\" \/>\n<meta property=\"article:modified_time\" content=\"2024-08-14T14:41:08+00:00\" \/>\n<meta property=\"og:image\" content=\"https:\/\/lipoedem-zentrum-aachen.de\/wp-content\/uploads\/2024\/08\/lipoedem-stadien.jpg\" \/>\n\t<meta property=\"og:image:width\" content=\"696\" \/>\n\t<meta property=\"og:image:height\" content=\"570\" \/>\n\t<meta property=\"og:image:type\" content=\"image\/webp\" \/>\n<meta name=\"twitter:card\" content=\"summary_large_image\" \/>\n<meta name=\"twitter:label1\" content=\"Gesch\u00e4tzte Lesezeit\" \/>\n\t<meta name=\"twitter:data1\" content=\"2\u00a0Minuten\" \/>\n<script type=\"application\/ld+json\" class=\"yoast-schema-graph\">{\"@context\":\"https:\\\/\\\/schema.org\",\"@graph\":[{\"@type\":\"WebPage\",\"@id\":\"https:\\\/\\\/lipoedem-zentrum-aachen.de\\\/index.php\\\/stadien\\\/\",\"url\":\"https:\\\/\\\/lipoedem-zentrum-aachen.de\\\/index.php\\\/stadien\\\/\",\"name\":\"Stadien - Lip\u00f6dem Zentrum Aachen\",\"isPartOf\":{\"@id\":\"https:\\\/\\\/lipoedem-zentrum-aachen.de\\\/#website\"},\"primaryImageOfPage\":{\"@id\":\"https:\\\/\\\/lipoedem-zentrum-aachen.de\\\/index.php\\\/stadien\\\/#primaryimage\"},\"image\":{\"@id\":\"https:\\\/\\\/lipoedem-zentrum-aachen.de\\\/index.php\\\/stadien\\\/#primaryimage\"},\"thumbnailUrl\":\"https:\\\/\\\/lipoedem-zentrum-aachen.de\\\/wp-content\\\/uploads\\\/2024\\\/08\\\/lipoedem-stadien.jpg\",\"datePublished\":\"2024-08-05T14:47:04+00:00\",\"dateModified\":\"2024-08-14T14:41:08+00:00\",\"description\":\"Lip\u00f6dem Stadien und Auspr\u00e4gungen - welche Unterschiede gibt es und wie wirken sich diese aus? Erfahren Sie mehr zur Fettverteilungsst\u00f6rung\",\"breadcrumb\":{\"@id\":\"https:\\\/\\\/lipoedem-zentrum-aachen.de\\\/index.php\\\/stadien\\\/#breadcrumb\"},\"inLanguage\":\"de\",\"potentialAction\":[{\"@type\":\"ReadAction\",\"target\":[\"https:\\\/\\\/lipoedem-zentrum-aachen.de\\\/index.php\\\/stadien\\\/\"]}]},{\"@type\":\"ImageObject\",\"inLanguage\":\"de\",\"@id\":\"https:\\\/\\\/lipoedem-zentrum-aachen.de\\\/index.php\\\/stadien\\\/#primaryimage\",\"url\":\"https:\\\/\\\/lipoedem-zentrum-aachen.de\\\/wp-content\\\/uploads\\\/2024\\\/08\\\/lipoedem-stadien.jpg\",\"contentUrl\":\"https:\\\/\\\/lipoedem-zentrum-aachen.de\\\/wp-content\\\/uploads\\\/2024\\\/08\\\/lipoedem-stadien.jpg\",\"width\":696,\"height\":570,\"caption\":\"Lip\u00f6dem Stadien\"},{\"@type\":\"BreadcrumbList\",\"@id\":\"https:\\\/\\\/lipoedem-zentrum-aachen.de\\\/index.php\\\/stadien\\\/#breadcrumb\",\"itemListElement\":[{\"@type\":\"ListItem\",\"position\":1,\"name\":\"Startseite\",\"item\":\"https:\\\/\\\/lipoedem-zentrum-aachen.de\\\/\"},{\"@type\":\"ListItem\",\"position\":2,\"name\":\"Stadien\"}]},{\"@type\":\"WebSite\",\"@id\":\"https:\\\/\\\/lipoedem-zentrum-aachen.de\\\/#website\",\"url\":\"https:\\\/\\\/lipoedem-zentrum-aachen.de\\\/\",\"name\":\"Lip\u00f6dem Zentrum Aachen\",\"description\":\"wir wollen Ihnen helfen!\",\"potentialAction\":[{\"@type\":\"SearchAction\",\"target\":{\"@type\":\"EntryPoint\",\"urlTemplate\":\"https:\\\/\\\/lipoedem-zentrum-aachen.de\\\/?s={search_term_string}\"},\"query-input\":{\"@type\":\"PropertyValueSpecification\",\"valueRequired\":true,\"valueName\":\"search_term_string\"}}],\"inLanguage\":\"de\"}]}<\/script>\n<!-- \/ Yoast SEO plugin. -->","yoast_head_json":{"title":"Stadien - Lip\u00f6dem Zentrum Aachen","description":"Lip\u00f6dem Stadien und Auspr\u00e4gungen - welche Unterschiede gibt es und wie wirken sich diese aus? Erfahren Sie mehr zur Fettverteilungsst\u00f6rung","robots":{"index":"index","follow":"follow","max-snippet":"max-snippet:-1","max-image-preview":"max-image-preview:large","max-video-preview":"max-video-preview:-1"},"canonical":"https:\/\/lipoedem-zentrum-aachen.de\/index.php\/stadien\/","og_locale":"de_DE","og_type":"article","og_title":"Stadien - Lip\u00f6dem Zentrum Aachen","og_description":"Lip\u00f6dem Stadien und Auspr\u00e4gungen - welche Unterschiede gibt es und wie wirken sich diese aus? Erfahren Sie mehr zur Fettverteilungsst\u00f6rung","og_url":"https:\/\/lipoedem-zentrum-aachen.de\/index.php\/stadien\/","og_site_name":"Lip\u00f6dem Zentrum Aachen","article_modified_time":"2024-08-14T14:41:08+00:00","og_image":[{"width":696,"height":570,"url":"https:\/\/lipoedem-zentrum-aachen.de\/wp-content\/uploads\/2024\/08\/lipoedem-stadien.jpg","type":"image\/webp"}],"twitter_card":"summary_large_image","twitter_misc":{"Gesch\u00e4tzte Lesezeit":"2\u00a0Minuten"},"schema":{"@context":"https:\/\/schema.org","@graph":[{"@type":"WebPage","@id":"https:\/\/lipoedem-zentrum-aachen.de\/index.php\/stadien\/","url":"https:\/\/lipoedem-zentrum-aachen.de\/index.php\/stadien\/","name":"Stadien - Lip\u00f6dem Zentrum Aachen","isPartOf":{"@id":"https:\/\/lipoedem-zentrum-aachen.de\/#website"},"primaryImageOfPage":{"@id":"https:\/\/lipoedem-zentrum-aachen.de\/index.php\/stadien\/#primaryimage"},"image":{"@id":"https:\/\/lipoedem-zentrum-aachen.de\/index.php\/stadien\/#primaryimage"},"thumbnailUrl":"https:\/\/lipoedem-zentrum-aachen.de\/wp-content\/uploads\/2024\/08\/lipoedem-stadien.jpg","datePublished":"2024-08-05T14:47:04+00:00","dateModified":"2024-08-14T14:41:08+00:00","description":"Lip\u00f6dem Stadien und Auspr\u00e4gungen - welche Unterschiede gibt es und wie wirken sich diese aus? Erfahren Sie mehr zur Fettverteilungsst\u00f6rung","breadcrumb":{"@id":"https:\/\/lipoedem-zentrum-aachen.de\/index.php\/stadien\/#breadcrumb"},"inLanguage":"de","potentialAction":[{"@type":"ReadAction","target":["https:\/\/lipoedem-zentrum-aachen.de\/index.php\/stadien\/"]}]},{"@type":"ImageObject","inLanguage":"de","@id":"https:\/\/lipoedem-zentrum-aachen.de\/index.php\/stadien\/#primaryimage","url":"https:\/\/lipoedem-zentrum-aachen.de\/wp-content\/uploads\/2024\/08\/lipoedem-stadien.jpg","contentUrl":"https:\/\/lipoedem-zentrum-aachen.de\/wp-content\/uploads\/2024\/08\/lipoedem-stadien.jpg","width":696,"height":570,"caption":"Lip\u00f6dem Stadien"},{"@type":"BreadcrumbList","@id":"https:\/\/lipoedem-zentrum-aachen.de\/index.php\/stadien\/#breadcrumb","itemListElement":[{"@type":"ListItem","position":1,"name":"Startseite","item":"https:\/\/lipoedem-zentrum-aachen.de\/"},{"@type":"ListItem","position":2,"name":"Stadien"}]},{"@type":"WebSite","@id":"https:\/\/lipoedem-zentrum-aachen.de\/#website","url":"https:\/\/lipoedem-zentrum-aachen.de\/","name":"Lip\u00f6dem Zentrum Aachen","description":"wir wollen Ihnen helfen!","potentialAction":[{"@type":"SearchAction","target":{"@type":"EntryPoint","urlTemplate":"https:\/\/lipoedem-zentrum-aachen.de\/?s={search_term_string}"},"query-input":{"@type":"PropertyValueSpecification","valueRequired":true,"valueName":"search_term_string"}}],"inLanguage":"de"}]}},"_links":{"self":[{"href":"https:\/\/lipoedem-zentrum-aachen.de\/index.php\/wp-json\/wp\/v2\/pages\/218","targetHints":{"allow":["GET"]}}],"collection":[{"href":"https:\/\/lipoedem-zentrum-aachen.de\/index.php\/wp-json\/wp\/v2\/pages"}],"about":[{"href":"https:\/\/lipoedem-zentrum-aachen.de\/index.php\/wp-json\/wp\/v2\/types\/page"}],"author":[{"embeddable":true,"href":"https:\/\/lipoedem-zentrum-aachen.de\/index.php\/wp-json\/wp\/v2\/users\/1"}],"replies":[{"embeddable":true,"href":"https:\/\/lipoedem-zentrum-aachen.de\/index.php\/wp-json\/wp\/v2\/comments?post=218"}],"version-history":[{"count":0,"href":"https:\/\/lipoedem-zentrum-aachen.de\/index.php\/wp-json\/wp\/v2\/pages\/218\/revisions"}],"wp:featuredmedia":[{"embeddable":true,"href":"https:\/\/lipoedem-zentrum-aachen.de\/index.php\/wp-json\/wp\/v2\/media\/812"}],"wp:attachment":[{"href":"https:\/\/lipoedem-zentrum-aachen.de\/index.php\/wp-json\/wp\/v2\/media?parent=218"}],"curies":[{"name":"wp","href":"https:\/\/api.w.org\/{rel}","templated":true}]}}