{"id":79,"date":"2024-06-06T15:26:18","date_gmt":"2024-06-06T15:26:18","guid":{"rendered":"https:\/\/lipoedem-zentrum-aachen.de\/?page_id=79"},"modified":"2025-07-19T15:50:34","modified_gmt":"2025-07-19T15:50:34","slug":"impressum","status":"publish","type":"page","link":"https:\/\/lipoedem-zentrum-aachen.de\/index.php\/impressum\/","title":{"rendered":"Impressum"},"content":{"rendered":"\t\t<div data-elementor-type=\"wp-page\" data-elementor-id=\"79\" class=\"elementor elementor-79\" data-elementor-post-type=\"page\">\n\t\t\t\t<div class=\"elementor-element elementor-element-f15f11e e-flex e-con-boxed e-con e-parent\" data-id=\"f15f11e\" data-element_type=\"container\" data-e-type=\"container\">\n\t\t\t\t\t<div class=\"e-con-inner\">\n\t\t\t\t<div class=\"elementor-element elementor-element-cebca61 elementor-widget elementor-widget-heading\" data-id=\"cebca61\" data-element_type=\"widget\" data-e-type=\"widget\" data-widget_type=\"heading.default\">\n\t\t\t\t<div class=\"elementor-widget-container\">\n\t\t\t\t\t<h1 class=\"elementor-heading-title elementor-size-default\">Impressum lipoedem-zentrum-aachen.de<\/h1>\t\t\t\t<\/div>\n\t\t\t\t<\/div>\n\t\t\t\t<div class=\"elementor-element elementor-element-be51d50 elementor-widget elementor-widget-text-editor\" data-id=\"be51d50\" data-element_type=\"widget\" data-e-type=\"widget\" data-widget_type=\"text-editor.default\">\n\t\t\t\t<div class=\"elementor-widget-container\">\n\t\t\t\t\t\t\t\t\t<div class=\"elementor-element elementor-element-96b287f elementor-widget elementor-widget-text-editor\" data-id=\"96b287f\" data-element_type=\"widget\" data-widget_type=\"text-editor.default\"><div class=\"elementor-widget-container\"><h2>Inhaltlich Verantwortlicher gem\u00e4\u00df \u00a7 10 Absatz 3 MDStV:<\/h2><p style=\"padding-left: 40px;\">Dr. med. Helge M. Jens<br \/>Facharzt f\u00fcr Plastische und \u00c4sthetische Chirurgie<br \/>Katschhof 3<br \/>D-52062 Aachen<br \/>Telefon: 0241\/47992-0<br \/>Fax: 0241\/47992-92<\/p><p style=\"padding-left: 40px;\">Wir sind zur Teilnahme an einem Streitbeilegungsverfahren vor einer Verbraucherschlichtungsstelle weder verpflichtet noch bereit.<\/p><\/div><\/div><div class=\"elementor-element elementor-element-ca8e35a elementor-widget elementor-widget-text-editor\" data-id=\"ca8e35a\" data-element_type=\"widget\" data-widget_type=\"text-editor.default\"><div class=\"elementor-widget-container\"><h2>Zust\u00e4ndige Aufsichtsbeh\u00f6rde<\/h2><p style=\"padding-left: 40px;\">Kassen\u00e4rztliche Vereinigung Nordrhein<br \/>Tersteegenstr. 9<br \/>D-40474 D\u00fcsseldorf<br \/>Telefon 0211\/5970-0<br \/><a href=\"https:\/\/www.kvno.de\/\" target=\"_blank\" rel=\"noopener\">www.kvno.de<\/a><\/p><\/div><\/div><div class=\"elementor-element elementor-element-57c51db elementor-widget elementor-widget-text-editor\" data-id=\"57c51db\" data-element_type=\"widget\" data-widget_type=\"text-editor.default\"><div class=\"elementor-widget-container\"><h2>Zust\u00e4ndige Kammer<\/h2><p style=\"padding-left: 40px;\">\u00c4rztekammer Nordrhein<br \/>Tersteegenstr. 9<br \/>D-40474 D\u00fcsseldorf<br \/>Telefon: 0211\/43020<br \/><a href=\"https:\/\/www.aekno.de\/\" target=\"_blank\" rel=\"noopener\">www.aekno.de<\/a><\/p><\/div><\/div><div class=\"elementor-element elementor-element-582a969 elementor-widget elementor-widget-text-editor\" data-id=\"582a969\" data-element_type=\"widget\" data-widget_type=\"text-editor.default\"><div class=\"elementor-widget-container\"><p><strong>Berufsbezeichnung<\/strong>:<\/p><p style=\"padding-left: 40px;\">Facharzt f\u00fcr Plastische und \u00c4sthetische Chirurgie<br \/>(verliehen in der Republik \u00d6sterreich, anerkannt und \u00fcbernommen in der Bundesrepublik Deutschland)<\/p><p>Ihre Privatsph\u00e4re ist f\u00fcr uns sehr wichtig \u2013 hier finden Sie unsere <a href=\"https:\/\/www.drjens.de\/uber-uns\/datenschutz-2\/\">Datenschutzerkl\u00e4rung<\/a>.<\/p><\/div><\/div><div class=\"elementor-element elementor-element-b17be7e elementor-widget elementor-widget-text-editor\" data-id=\"b17be7e\" data-element_type=\"widget\" data-widget_type=\"text-editor.default\"><div class=\"elementor-widget-container\"><p><strong>Berufsrechtliche Regelungen:<\/strong><\/p><p style=\"padding-left: 40px;\"><a href=\"https:\/\/www.aekno.de\/aerzte\/berufsordnung\" target=\"_blank\" rel=\"noopener\">Berufsordnung f\u00fcr die nordrheinischen \u00c4rztinnen und \u00c4rzte<\/a><\/p><p style=\"padding-left: 40px;\">Heilberufegesetz des Landes Nordrhein-Westfalen<br \/>Die Regelungen finden sich im Gesetzblatt des Landes Nordrhein-Westfalen.<br \/>Inhaltlich Verantwortlicher gem\u00e4\u00df \u00a7 10 Absatz 3 MDStV:<br \/>Dr. Helge M. Jens<\/p><p><strong>Haftungshinweis<\/strong><\/p><p style=\"padding-left: 40px;\">Der Autor erkl\u00e4rt ausdr\u00fccklich, dass zum Zeitpunkt der Linksetzung die entsprechenden verlinkten Seiten frei von illegalen Inhalten waren. Der Autor hat keinerlei Einfluss auf die aktuelle und zuk\u00fcnftige Gestaltung und auf die Inhalte der gelinkten\/verkn\u00fcpften Seiten. Deshalb distanziert er sich hiermit ausdr\u00fccklich von allen Inhalten aller gelinkten \/verkn\u00fcpften Seiten, die nach der Linksetzung ver\u00e4ndert wurden. Diese Feststellung gilt f\u00fcr alle innerhalb des eigenen Internetangebotes gesetzten Links und Verweise sowie f\u00fcr Fremdeintr\u00e4ge in vom Autor eingerichteten G\u00e4steb\u00fcchern, Diskussionsforen und Mailinglisten. F\u00fcr illegale, fehlerhafte oder unvollst\u00e4ndige Inhalte und insbesondere f\u00fcr Sch\u00e4den, die aus der Nutzung oder Nichtnutzung solcherart dargebotener Informationen entstehen, haftet allein der Anbieter der Seite, auf welche verwiesen wurde.<\/p><\/div><\/div><div class=\"elementor-element elementor-element-d46f402 elementor-widget elementor-widget-text-editor\" data-id=\"d46f402\" data-element_type=\"widget\" data-widget_type=\"text-editor.default\"><div class=\"elementor-widget-container\"><h2>Urheberrecht<\/h2><p style=\"padding-left: 40px;\">Die durch die Seitenbetreiber erstellten Inhalte und Werke auf diesen Seiten unterliegen dem deutschen Urheberrecht. Die Vervielf\u00e4ltigung, Bearbeitung, Verbreitung und jede Art der Verwertung au\u00dferhalb der Grenzen des Urheberrechtes bed\u00fcrfen der schriftlichen Zustimmung des jeweiligen Autors bzw. Erstellers. Downloads und Kopien dieser Seite sind nur f\u00fcr den privaten, nicht kommerziellen Gebrauch gestattet.<\/p><p style=\"padding-left: 40px;\">Soweit die Inhalte auf dieser Seite nicht vom Betreiber erstellt wurden, werden die Urheberrechte Dritter beachtet. Insbesondere werden Inhalte Dritter als solche gekennzeichnet. Sollten Sie trotzdem auf eine Urheberrechtsverletzung aufmerksam werden, bitten wir um einen entsprechenden Hinweis. Bei Bekanntwerden von Rechtsverletzungen werden wir derartige Inhalte umgehend entfernen.<\/p><p><strong>Website:<\/strong><\/p><p style=\"padding-left: 40px;\">Programmierung, Suchmaschinenoptimierung &amp; technische Betreuung:<strong><br \/><\/strong><strong><a href=\"https:\/\/www.wm-onlinemarketing.de\/\">WM Onlinemarketing<\/a><\/strong><\/p><p><strong>Bildnachweis<\/strong>:<\/p><p style=\"padding-left: 40px;\">WM Onlinemarketing Walter Maar \u2013 stock.adobe.com<\/p><\/div><\/div><p><!-- \/wp:paragraph --><\/p>\t\t\t\t\t\t\t\t<\/div>\n\t\t\t\t<\/div>\n\t\t\t\t\t<\/div>\n\t\t\t\t<\/div>\n\t\t\t\t<\/div>\n\t\t","protected":false},"excerpt":{"rendered":"<p>Impressum lipoedem-zentrum-aachen.de Inhaltlich Verantwortlicher gem\u00e4\u00df \u00a7 10 Absatz 3 MDStV: Dr. med. Helge M. JensFacharzt f\u00fcr Plastische und \u00c4sthetische ChirurgieKatschhof 3D-52062 AachenTelefon: 0241\/47992-0Fax: 0241\/47992-92 Wir sind zur Teilnahme an einem Streitbeilegungsverfahren vor einer Verbraucherschlichtungsstelle weder verpflichtet noch bereit. Zust\u00e4ndige Aufsichtsbeh\u00f6rde Kassen\u00e4rztliche Vereinigung NordrheinTersteegenstr. 9D-40474 D\u00fcsseldorfTelefon 0211\/5970-0www.kvno.de Zust\u00e4ndige Kammer \u00c4rztekammer NordrheinTersteegenstr. 9D-40474 D\u00fcsseldorfTelefon: 0211\/43020www.aekno.de Berufsbezeichnung: Facharzt [&hellip;]<\/p>\n","protected":false},"author":1,"featured_media":24,"parent":0,"menu_order":0,"comment_status":"closed","ping_status":"closed","template":"","meta":{"footnotes":""},"class_list":["post-79","page","type-page","status-publish","has-post-thumbnail","hentry"],"yoast_head":"<!-- This site is optimized with the Yoast SEO plugin v27.5 - https:\/\/yoast.com\/product\/yoast-seo-wordpress\/ -->\n<title>Impressum - Lip\u00f6dem Zentrum Aachen<\/title>\n<meta name=\"description\" content=\"Impressum Lip\u00f6dem Zentrum Aachen - wer betreibt diese Seite? Wer ist rechtlich verantwortlich und haftbar f\u00fcr die Informationen?\" \/>\n<meta name=\"robots\" content=\"index, follow, max-snippet:-1, max-image-preview:large, max-video-preview:-1\" \/>\n<link rel=\"canonical\" href=\"https:\/\/lipoedem-zentrum-aachen.de\/index.php\/impressum\/\" \/>\n<meta property=\"og:locale\" content=\"de_DE\" \/>\n<meta property=\"og:type\" content=\"article\" \/>\n<meta property=\"og:title\" content=\"Impressum - Lip\u00f6dem Zentrum Aachen\" \/>\n<meta property=\"og:description\" content=\"Impressum Lip\u00f6dem Zentrum Aachen - wer betreibt diese Seite? Wer ist rechtlich verantwortlich und haftbar f\u00fcr die Informationen?\" \/>\n<meta property=\"og:url\" content=\"https:\/\/lipoedem-zentrum-aachen.de\/index.php\/impressum\/\" \/>\n<meta property=\"og:site_name\" content=\"Lip\u00f6dem Zentrum Aachen\" \/>\n<meta property=\"article:modified_time\" content=\"2025-07-19T15:50:34+00:00\" \/>\n<meta property=\"og:image\" content=\"https:\/\/lipoedem-zentrum-aachen.de\/wp-content\/uploads\/2024\/06\/jens.webp\" \/>\n\t<meta property=\"og:image:width\" content=\"206\" \/>\n\t<meta property=\"og:image:height\" content=\"348\" \/>\n\t<meta property=\"og:image:type\" content=\"image\/webp\" \/>\n<meta name=\"twitter:card\" content=\"summary_large_image\" \/>\n<meta name=\"twitter:label1\" content=\"Gesch\u00e4tzte Lesezeit\" \/>\n\t<meta name=\"twitter:data1\" content=\"5\u00a0Minuten\" \/>\n<script type=\"application\/ld+json\" class=\"yoast-schema-graph\">{\"@context\":\"https:\\\/\\\/schema.org\",\"@graph\":[{\"@type\":\"WebPage\",\"@id\":\"https:\\\/\\\/lipoedem-zentrum-aachen.de\\\/index.php\\\/impressum\\\/\",\"url\":\"https:\\\/\\\/lipoedem-zentrum-aachen.de\\\/index.php\\\/impressum\\\/\",\"name\":\"Impressum - Lip\u00f6dem Zentrum Aachen\",\"isPartOf\":{\"@id\":\"https:\\\/\\\/lipoedem-zentrum-aachen.de\\\/#website\"},\"primaryImageOfPage\":{\"@id\":\"https:\\\/\\\/lipoedem-zentrum-aachen.de\\\/index.php\\\/impressum\\\/#primaryimage\"},\"image\":{\"@id\":\"https:\\\/\\\/lipoedem-zentrum-aachen.de\\\/index.php\\\/impressum\\\/#primaryimage\"},\"thumbnailUrl\":\"https:\\\/\\\/lipoedem-zentrum-aachen.de\\\/wp-content\\\/uploads\\\/2024\\\/06\\\/jens.webp\",\"datePublished\":\"2024-06-06T15:26:18+00:00\",\"dateModified\":\"2025-07-19T15:50:34+00:00\",\"description\":\"Impressum Lip\u00f6dem Zentrum Aachen - wer betreibt diese Seite? Wer ist rechtlich verantwortlich und haftbar f\u00fcr die Informationen?\",\"breadcrumb\":{\"@id\":\"https:\\\/\\\/lipoedem-zentrum-aachen.de\\\/index.php\\\/impressum\\\/#breadcrumb\"},\"inLanguage\":\"de\",\"potentialAction\":[{\"@type\":\"ReadAction\",\"target\":[\"https:\\\/\\\/lipoedem-zentrum-aachen.de\\\/index.php\\\/impressum\\\/\"]}]},{\"@type\":\"ImageObject\",\"inLanguage\":\"de\",\"@id\":\"https:\\\/\\\/lipoedem-zentrum-aachen.de\\\/index.php\\\/impressum\\\/#primaryimage\",\"url\":\"https:\\\/\\\/lipoedem-zentrum-aachen.de\\\/wp-content\\\/uploads\\\/2024\\\/06\\\/jens.webp\",\"contentUrl\":\"https:\\\/\\\/lipoedem-zentrum-aachen.de\\\/wp-content\\\/uploads\\\/2024\\\/06\\\/jens.webp\",\"width\":206,\"height\":348,\"caption\":\"jens\"},{\"@type\":\"BreadcrumbList\",\"@id\":\"https:\\\/\\\/lipoedem-zentrum-aachen.de\\\/index.php\\\/impressum\\\/#breadcrumb\",\"itemListElement\":[{\"@type\":\"ListItem\",\"position\":1,\"name\":\"Startseite\",\"item\":\"https:\\\/\\\/lipoedem-zentrum-aachen.de\\\/\"},{\"@type\":\"ListItem\",\"position\":2,\"name\":\"Impressum\"}]},{\"@type\":\"WebSite\",\"@id\":\"https:\\\/\\\/lipoedem-zentrum-aachen.de\\\/#website\",\"url\":\"https:\\\/\\\/lipoedem-zentrum-aachen.de\\\/\",\"name\":\"Lip\u00f6dem Zentrum Aachen\",\"description\":\"wir wollen Ihnen helfen!\",\"potentialAction\":[{\"@type\":\"SearchAction\",\"target\":{\"@type\":\"EntryPoint\",\"urlTemplate\":\"https:\\\/\\\/lipoedem-zentrum-aachen.de\\\/?s={search_term_string}\"},\"query-input\":{\"@type\":\"PropertyValueSpecification\",\"valueRequired\":true,\"valueName\":\"search_term_string\"}}],\"inLanguage\":\"de\"}]}<\/script>\n<!-- \/ Yoast SEO plugin. -->","yoast_head_json":{"title":"Impressum - Lip\u00f6dem Zentrum Aachen","description":"Impressum Lip\u00f6dem Zentrum Aachen - wer betreibt diese Seite? Wer ist rechtlich verantwortlich und haftbar f\u00fcr die Informationen?","robots":{"index":"index","follow":"follow","max-snippet":"max-snippet:-1","max-image-preview":"max-image-preview:large","max-video-preview":"max-video-preview:-1"},"canonical":"https:\/\/lipoedem-zentrum-aachen.de\/index.php\/impressum\/","og_locale":"de_DE","og_type":"article","og_title":"Impressum - Lip\u00f6dem Zentrum Aachen","og_description":"Impressum Lip\u00f6dem Zentrum Aachen - wer betreibt diese Seite? Wer ist rechtlich verantwortlich und haftbar f\u00fcr die Informationen?","og_url":"https:\/\/lipoedem-zentrum-aachen.de\/index.php\/impressum\/","og_site_name":"Lip\u00f6dem Zentrum Aachen","article_modified_time":"2025-07-19T15:50:34+00:00","og_image":[{"width":206,"height":348,"url":"https:\/\/lipoedem-zentrum-aachen.de\/wp-content\/uploads\/2024\/06\/jens.webp","type":"image\/webp"}],"twitter_card":"summary_large_image","twitter_misc":{"Gesch\u00e4tzte Lesezeit":"5\u00a0Minuten"},"schema":{"@context":"https:\/\/schema.org","@graph":[{"@type":"WebPage","@id":"https:\/\/lipoedem-zentrum-aachen.de\/index.php\/impressum\/","url":"https:\/\/lipoedem-zentrum-aachen.de\/index.php\/impressum\/","name":"Impressum - Lip\u00f6dem Zentrum Aachen","isPartOf":{"@id":"https:\/\/lipoedem-zentrum-aachen.de\/#website"},"primaryImageOfPage":{"@id":"https:\/\/lipoedem-zentrum-aachen.de\/index.php\/impressum\/#primaryimage"},"image":{"@id":"https:\/\/lipoedem-zentrum-aachen.de\/index.php\/impressum\/#primaryimage"},"thumbnailUrl":"https:\/\/lipoedem-zentrum-aachen.de\/wp-content\/uploads\/2024\/06\/jens.webp","datePublished":"2024-06-06T15:26:18+00:00","dateModified":"2025-07-19T15:50:34+00:00","description":"Impressum Lip\u00f6dem Zentrum Aachen - wer betreibt diese Seite? Wer ist rechtlich verantwortlich und haftbar f\u00fcr die Informationen?","breadcrumb":{"@id":"https:\/\/lipoedem-zentrum-aachen.de\/index.php\/impressum\/#breadcrumb"},"inLanguage":"de","potentialAction":[{"@type":"ReadAction","target":["https:\/\/lipoedem-zentrum-aachen.de\/index.php\/impressum\/"]}]},{"@type":"ImageObject","inLanguage":"de","@id":"https:\/\/lipoedem-zentrum-aachen.de\/index.php\/impressum\/#primaryimage","url":"https:\/\/lipoedem-zentrum-aachen.de\/wp-content\/uploads\/2024\/06\/jens.webp","contentUrl":"https:\/\/lipoedem-zentrum-aachen.de\/wp-content\/uploads\/2024\/06\/jens.webp","width":206,"height":348,"caption":"jens"},{"@type":"BreadcrumbList","@id":"https:\/\/lipoedem-zentrum-aachen.de\/index.php\/impressum\/#breadcrumb","itemListElement":[{"@type":"ListItem","position":1,"name":"Startseite","item":"https:\/\/lipoedem-zentrum-aachen.de\/"},{"@type":"ListItem","position":2,"name":"Impressum"}]},{"@type":"WebSite","@id":"https:\/\/lipoedem-zentrum-aachen.de\/#website","url":"https:\/\/lipoedem-zentrum-aachen.de\/","name":"Lip\u00f6dem Zentrum Aachen","description":"wir wollen Ihnen helfen!","potentialAction":[{"@type":"SearchAction","target":{"@type":"EntryPoint","urlTemplate":"https:\/\/lipoedem-zentrum-aachen.de\/?s={search_term_string}"},"query-input":{"@type":"PropertyValueSpecification","valueRequired":true,"valueName":"search_term_string"}}],"inLanguage":"de"}]}},"_links":{"self":[{"href":"https:\/\/lipoedem-zentrum-aachen.de\/index.php\/wp-json\/wp\/v2\/pages\/79","targetHints":{"allow":["GET"]}}],"collection":[{"href":"https:\/\/lipoedem-zentrum-aachen.de\/index.php\/wp-json\/wp\/v2\/pages"}],"about":[{"href":"https:\/\/lipoedem-zentrum-aachen.de\/index.php\/wp-json\/wp\/v2\/types\/page"}],"author":[{"embeddable":true,"href":"https:\/\/lipoedem-zentrum-aachen.de\/index.php\/wp-json\/wp\/v2\/users\/1"}],"replies":[{"embeddable":true,"href":"https:\/\/lipoedem-zentrum-aachen.de\/index.php\/wp-json\/wp\/v2\/comments?post=79"}],"version-history":[{"count":0,"href":"https:\/\/lipoedem-zentrum-aachen.de\/index.php\/wp-json\/wp\/v2\/pages\/79\/revisions"}],"wp:featuredmedia":[{"embeddable":true,"href":"https:\/\/lipoedem-zentrum-aachen.de\/index.php\/wp-json\/wp\/v2\/media\/24"}],"wp:attachment":[{"href":"https:\/\/lipoedem-zentrum-aachen.de\/index.php\/wp-json\/wp\/v2\/media?parent=79"}],"curies":[{"name":"wp","href":"https:\/\/api.w.org\/{rel}","templated":true}]}}