{"id":91,"date":"2024-06-06T15:32:22","date_gmt":"2024-06-06T15:32:22","guid":{"rendered":"https:\/\/lipoedem-zentrum-aachen.de\/?page_id=91"},"modified":"2025-03-14T12:17:24","modified_gmt":"2025-03-14T12:17:24","slug":"dr-nigl","status":"publish","type":"page","link":"https:\/\/lipoedem-zentrum-aachen.de\/index.php\/unser-team\/dr-nigl\/","title":{"rendered":"Dr. med. Aida Nigl"},"content":{"rendered":"\t\t<div data-elementor-type=\"wp-page\" data-elementor-id=\"91\" class=\"elementor elementor-91\" data-elementor-post-type=\"page\">\n\t\t\t\t<div class=\"elementor-element elementor-element-b4a1dfd e-flex e-con-boxed e-con e-parent\" data-id=\"b4a1dfd\" data-element_type=\"container\" data-e-type=\"container\">\n\t\t\t\t\t<div class=\"e-con-inner\">\n\t\t\t\t<div class=\"elementor-element elementor-element-f3fc209 elementor-widget elementor-widget-heading\" data-id=\"f3fc209\" data-element_type=\"widget\" data-e-type=\"widget\" data-widget_type=\"heading.default\">\n\t\t\t\t<div class=\"elementor-widget-container\">\n\t\t\t\t\t<h1 class=\"elementor-heading-title elementor-size-default\">Dr. med. Aida Nigl<\/h1>\t\t\t\t<\/div>\n\t\t\t\t<\/div>\n\t\t\t\t<div class=\"elementor-element elementor-element-248e5e6 elementor-widget elementor-widget-text-editor\" data-id=\"248e5e6\" data-element_type=\"widget\" data-e-type=\"widget\" data-widget_type=\"text-editor.default\">\n\t\t\t\t<div class=\"elementor-widget-container\">\n\t\t\t\t\t\t\t\t\t<p style=\"text-align: center;\">Fach\u00e4rztin f\u00fcr Plastische und \u00c4sthetische Chirurgie<\/p><p style=\"text-align: center;\">Die Behandlung bei Lip\u00f6dem ist seit Beginn Ihres Werdeganges in der \u00c4sthetisch-Plastischen Chirurgie einer der Schwerpunkte von Fr. Dr. Nigl.<\/p>\t\t\t\t\t\t\t\t<\/div>\n\t\t\t\t<\/div>\n\t\t\t\t\t<\/div>\n\t\t\t\t<\/div>\n\t\t<div class=\"elementor-element elementor-element-306ff3c e-flex e-con-boxed e-con e-parent\" data-id=\"306ff3c\" data-element_type=\"container\" data-e-type=\"container\">\n\t\t\t\t\t<div class=\"e-con-inner\">\n\t\t<div class=\"elementor-element elementor-element-178fbbc e-con-full e-flex e-con e-child\" data-id=\"178fbbc\" data-element_type=\"container\" data-e-type=\"container\">\n\t\t\t\t<div class=\"elementor-element elementor-element-6d29349 elementor-widget elementor-widget-image\" data-id=\"6d29349\" data-element_type=\"widget\" data-e-type=\"widget\" data-widget_type=\"image.default\">\n\t\t\t\t<div class=\"elementor-widget-container\">\n\t\t\t\t\t\t\t\t\t\t\t\t<figure class=\"wp-caption\">\n\t\t\t\t\t\t\t\t\t\t<img fetchpriority=\"high\" decoding=\"async\" width=\"1703\" height=\"2560\" src=\"https:\/\/lipoedem-zentrum-aachen.de\/wp-content\/uploads\/2025\/03\/MKA_0143-scaled.jpg\" class=\"attachment-full size-full wp-image-866\" alt=\"Dr. med. Aida Nigl\" srcset=\"https:\/\/lipoedem-zentrum-aachen.de\/wp-content\/uploads\/2025\/03\/MKA_0143-scaled.jpg 1703w, https:\/\/lipoedem-zentrum-aachen.de\/wp-content\/uploads\/2025\/03\/MKA_0143-200x300.jpg 200w, https:\/\/lipoedem-zentrum-aachen.de\/wp-content\/uploads\/2025\/03\/MKA_0143-681x1024.jpg 681w, https:\/\/lipoedem-zentrum-aachen.de\/wp-content\/uploads\/2025\/03\/MKA_0143-768x1154.jpg 768w, https:\/\/lipoedem-zentrum-aachen.de\/wp-content\/uploads\/2025\/03\/MKA_0143-1022x1536.jpg 1022w, https:\/\/lipoedem-zentrum-aachen.de\/wp-content\/uploads\/2025\/03\/MKA_0143-1363x2048.jpg 1363w\" sizes=\"(max-width: 1703px) 100vw, 1703px\" \/>\t\t\t\t\t\t\t\t\t\t\t<figcaption class=\"widget-image-caption wp-caption-text\"><b>Dr. med. Aida Nigl<\/b><br>Fach\u00e4rztin f\u00fcr Plastische und \u00c4sthetische Chirurgie<\/figcaption>\n\t\t\t\t\t\t\t\t\t\t<\/figure>\n\t\t\t\t\t\t\t\t\t<\/div>\n\t\t\t\t<\/div>\n\t\t\t\t<\/div>\n\t\t<div class=\"elementor-element elementor-element-a39587b e-con-full e-flex e-con e-child\" data-id=\"a39587b\" data-element_type=\"container\" data-e-type=\"container\">\n\t\t\t\t<div class=\"elementor-element elementor-element-bb3ad0c elementor-widget elementor-widget-heading\" data-id=\"bb3ad0c\" data-element_type=\"widget\" data-e-type=\"widget\" data-widget_type=\"heading.default\">\n\t\t\t\t<div class=\"elementor-widget-container\">\n\t\t\t\t\t<h2 class=\"elementor-heading-title elementor-size-default\">Berufliches Entwicklung nach Ihrer Facharztausbildung<\/h2>\t\t\t\t<\/div>\n\t\t\t\t<\/div>\n\t\t\t\t<div class=\"elementor-element elementor-element-c2aff42 elementor-widget elementor-widget-text-editor\" data-id=\"c2aff42\" data-element_type=\"widget\" data-e-type=\"widget\" data-widget_type=\"text-editor.default\">\n\t\t\t\t<div class=\"elementor-widget-container\">\n\t\t\t\t\t\t\t\t\t<p><strong>Seit Februar 2025<\/strong><\/p><p style=\"padding-left: 40px;\">Im Team der Domhof Klinik<\/p><p><strong>2023<\/strong><\/p><p style=\"padding-left: 40px;\">Pr\u00fcfung f\u00fcr die Zusatzbezeichnung Handchirurgie an der \u00c4rztekammer Nordrhein<br \/>(05\/2023)<\/p><p><strong>2022<\/strong><\/p><p style=\"padding-left: 40px;\">Ernennung zur Funktionsober\u00e4rztin in der Plastischen Chirurgie und Handchirurgie<br \/>im Luisenhospital Aachen (02\/2022)<\/p><p style=\"padding-left: 40px;\">Ernennung zur Ober\u00e4rztin in der Plastische Chirurgie und Handchirurgie im<br \/>Luisenhospital Aachen (12\/2022)<\/p><p><strong>2021<\/strong><\/p><p style=\"padding-left: 40px;\">Facharztpr\u00fcfung f\u00fcr Plastische, \u00c4sthetische und Rekonstruktive Chirurgie an der<br \/>\u00c4rztekammer Nordrhein<\/p>\t\t\t\t\t\t\t\t<\/div>\n\t\t\t\t<\/div>\n\t\t\t\t<div class=\"elementor-element elementor-element-bb44a6f elementor-widget elementor-widget-text-editor\" data-id=\"bb44a6f\" data-element_type=\"widget\" data-e-type=\"widget\" data-widget_type=\"text-editor.default\">\n\t\t\t\t<div class=\"elementor-widget-container\">\n\t\t\t\t\t\t\t\t\t<h3 class=\"elementor-heading-title elementor-size-default\">Studium der Humanmedizin<\/h3>\n<ul style=\"padding-top:25px\">\n \t<li>Ruhr-Universit\u00e4t Bochum<\/li>\n \t<li>RWTH Aachen<\/li>\n<\/ul>\t\t\t\t\t\t\t\t<\/div>\n\t\t\t\t<\/div>\n\t\t\t\t<div class=\"elementor-element elementor-element-86c5b25 elementor-align-center e-transform elementor-widget elementor-widget-button\" data-id=\"86c5b25\" data-element_type=\"widget\" data-e-type=\"widget\" data-settings=\"{&quot;_transform_scale_effect_hover&quot;:{&quot;unit&quot;:&quot;px&quot;,&quot;size&quot;:1.1,&quot;sizes&quot;:[]},&quot;_transform_scale_effect_hover_tablet&quot;:{&quot;unit&quot;:&quot;px&quot;,&quot;size&quot;:&quot;&quot;,&quot;sizes&quot;:[]},&quot;_transform_scale_effect_hover_mobile&quot;:{&quot;unit&quot;:&quot;px&quot;,&quot;size&quot;:&quot;&quot;,&quot;sizes&quot;:[]}}\" data-widget_type=\"button.default\">\n\t\t\t\t<div class=\"elementor-widget-container\">\n\t\t\t\t\t\t\t\t\t<div class=\"elementor-button-wrapper\">\n\t\t\t\t\t<a class=\"elementor-button elementor-button-link elementor-size-sm\" href=\"https:\/\/www.drjens.de\/dr-med-aida-nigl\/\">\n\t\t\t\t\t\t<span class=\"elementor-button-content-wrapper\">\n\t\t\t\t\t\t\t\t\t<span class=\"elementor-button-text\">Mehr \u00fcber Fr. Dr. med. Aida Nigl<\/span>\n\t\t\t\t\t<\/span>\n\t\t\t\t\t<\/a>\n\t\t\t\t<\/div>\n\t\t\t\t\t\t\t\t<\/div>\n\t\t\t\t<\/div>\n\t\t\t\t<\/div>\n\t\t\t\t\t<\/div>\n\t\t\t\t<\/div>\n\t\t\t\t<\/div>\n\t\t","protected":false},"excerpt":{"rendered":"<p>Dr. med. Aida Nigl Fach\u00e4rztin f\u00fcr Plastische und \u00c4sthetische Chirurgie Die Behandlung bei Lip\u00f6dem ist seit Beginn Ihres Werdeganges in der \u00c4sthetisch-Plastischen Chirurgie einer der Schwerpunkte von Fr. Dr. Nigl. Dr. med. Aida NiglFach\u00e4rztin f\u00fcr Plastische und \u00c4sthetische Chirurgie Berufliches Entwicklung nach Ihrer Facharztausbildung Seit Februar 2025 Im Team der Domhof Klinik 2023 Pr\u00fcfung f\u00fcr [&hellip;]<\/p>\n","protected":false},"author":1,"featured_media":866,"parent":65,"menu_order":0,"comment_status":"closed","ping_status":"closed","template":"","meta":{"footnotes":""},"class_list":["post-91","page","type-page","status-publish","has-post-thumbnail","hentry"],"yoast_head":"<!-- This site is optimized with the Yoast SEO plugin v27.5 - https:\/\/yoast.com\/product\/yoast-seo-wordpress\/ -->\n<title>Dr. med. Aida Nigl - Lip\u00f6dem Zentrum Aachen<\/title>\n<meta name=\"description\" content=\"Dr. med. Marc Metzler\u00a0- Facharzt f\u00fcr Plastische und \u00c4sthetische Chirurgie - Mitglied vom Lip\u00f6dem Zentrum Aachen\" \/>\n<meta name=\"robots\" content=\"index, follow, max-snippet:-1, max-image-preview:large, max-video-preview:-1\" \/>\n<link rel=\"canonical\" href=\"https:\/\/lipoedem-zentrum-aachen.de\/index.php\/unser-team\/dr-nigl\/\" \/>\n<meta property=\"og:locale\" content=\"de_DE\" \/>\n<meta property=\"og:type\" content=\"article\" \/>\n<meta property=\"og:title\" content=\"Dr. med. Aida Nigl - Lip\u00f6dem Zentrum Aachen\" \/>\n<meta property=\"og:description\" content=\"Dr. med. Marc Metzler\u00a0- Facharzt f\u00fcr Plastische und \u00c4sthetische Chirurgie - Mitglied vom Lip\u00f6dem Zentrum Aachen\" \/>\n<meta property=\"og:url\" content=\"https:\/\/lipoedem-zentrum-aachen.de\/index.php\/unser-team\/dr-nigl\/\" \/>\n<meta property=\"og:site_name\" content=\"Lip\u00f6dem Zentrum Aachen\" \/>\n<meta property=\"article:modified_time\" content=\"2025-03-14T12:17:24+00:00\" \/>\n<meta property=\"og:image\" content=\"https:\/\/lipoedem-zentrum-aachen.de\/wp-content\/uploads\/2025\/03\/MKA_0143-scaled.jpg\" \/>\n\t<meta property=\"og:image:width\" content=\"1703\" \/>\n\t<meta property=\"og:image:height\" content=\"2560\" \/>\n\t<meta property=\"og:image:type\" content=\"image\/jpeg\" \/>\n<meta name=\"twitter:card\" content=\"summary_large_image\" \/>\n<meta name=\"twitter:label1\" content=\"Gesch\u00e4tzte Lesezeit\" \/>\n\t<meta name=\"twitter:data1\" content=\"1\u00a0Minute\" \/>\n<script type=\"application\/ld+json\" class=\"yoast-schema-graph\">{\"@context\":\"https:\\\/\\\/schema.org\",\"@graph\":[{\"@type\":\"WebPage\",\"@id\":\"https:\\\/\\\/lipoedem-zentrum-aachen.de\\\/index.php\\\/unser-team\\\/dr-nigl\\\/\",\"url\":\"https:\\\/\\\/lipoedem-zentrum-aachen.de\\\/index.php\\\/unser-team\\\/dr-nigl\\\/\",\"name\":\"Dr. med. Aida Nigl - Lip\u00f6dem Zentrum Aachen\",\"isPartOf\":{\"@id\":\"https:\\\/\\\/lipoedem-zentrum-aachen.de\\\/#website\"},\"primaryImageOfPage\":{\"@id\":\"https:\\\/\\\/lipoedem-zentrum-aachen.de\\\/index.php\\\/unser-team\\\/dr-nigl\\\/#primaryimage\"},\"image\":{\"@id\":\"https:\\\/\\\/lipoedem-zentrum-aachen.de\\\/index.php\\\/unser-team\\\/dr-nigl\\\/#primaryimage\"},\"thumbnailUrl\":\"https:\\\/\\\/lipoedem-zentrum-aachen.de\\\/wp-content\\\/uploads\\\/2025\\\/03\\\/MKA_0143-scaled.jpg\",\"datePublished\":\"2024-06-06T15:32:22+00:00\",\"dateModified\":\"2025-03-14T12:17:24+00:00\",\"description\":\"Dr. med. Marc Metzler\u00a0- Facharzt f\u00fcr Plastische und \u00c4sthetische Chirurgie - Mitglied vom Lip\u00f6dem Zentrum Aachen\",\"breadcrumb\":{\"@id\":\"https:\\\/\\\/lipoedem-zentrum-aachen.de\\\/index.php\\\/unser-team\\\/dr-nigl\\\/#breadcrumb\"},\"inLanguage\":\"de\",\"potentialAction\":[{\"@type\":\"ReadAction\",\"target\":[\"https:\\\/\\\/lipoedem-zentrum-aachen.de\\\/index.php\\\/unser-team\\\/dr-nigl\\\/\"]}]},{\"@type\":\"ImageObject\",\"inLanguage\":\"de\",\"@id\":\"https:\\\/\\\/lipoedem-zentrum-aachen.de\\\/index.php\\\/unser-team\\\/dr-nigl\\\/#primaryimage\",\"url\":\"https:\\\/\\\/lipoedem-zentrum-aachen.de\\\/wp-content\\\/uploads\\\/2025\\\/03\\\/MKA_0143-scaled.jpg\",\"contentUrl\":\"https:\\\/\\\/lipoedem-zentrum-aachen.de\\\/wp-content\\\/uploads\\\/2025\\\/03\\\/MKA_0143-scaled.jpg\",\"width\":1703,\"height\":2560,\"caption\":\"Dr. med. Aida Nigl\"},{\"@type\":\"BreadcrumbList\",\"@id\":\"https:\\\/\\\/lipoedem-zentrum-aachen.de\\\/index.php\\\/unser-team\\\/dr-nigl\\\/#breadcrumb\",\"itemListElement\":[{\"@type\":\"ListItem\",\"position\":1,\"name\":\"Startseite\",\"item\":\"https:\\\/\\\/lipoedem-zentrum-aachen.de\\\/\"},{\"@type\":\"ListItem\",\"position\":2,\"name\":\"Unser Team\",\"item\":\"https:\\\/\\\/lipoedem-zentrum-aachen.de\\\/index.php\\\/unser-team\\\/\"},{\"@type\":\"ListItem\",\"position\":3,\"name\":\"Dr. med. Aida Nigl\"}]},{\"@type\":\"WebSite\",\"@id\":\"https:\\\/\\\/lipoedem-zentrum-aachen.de\\\/#website\",\"url\":\"https:\\\/\\\/lipoedem-zentrum-aachen.de\\\/\",\"name\":\"Lip\u00f6dem Zentrum Aachen\",\"description\":\"wir wollen Ihnen helfen!\",\"potentialAction\":[{\"@type\":\"SearchAction\",\"target\":{\"@type\":\"EntryPoint\",\"urlTemplate\":\"https:\\\/\\\/lipoedem-zentrum-aachen.de\\\/?s={search_term_string}\"},\"query-input\":{\"@type\":\"PropertyValueSpecification\",\"valueRequired\":true,\"valueName\":\"search_term_string\"}}],\"inLanguage\":\"de\"}]}<\/script>\n<!-- \/ Yoast SEO plugin. -->","yoast_head_json":{"title":"Dr. med. Aida Nigl - Lip\u00f6dem Zentrum Aachen","description":"Dr. med. Marc Metzler\u00a0- Facharzt f\u00fcr Plastische und \u00c4sthetische Chirurgie - Mitglied vom Lip\u00f6dem Zentrum Aachen","robots":{"index":"index","follow":"follow","max-snippet":"max-snippet:-1","max-image-preview":"max-image-preview:large","max-video-preview":"max-video-preview:-1"},"canonical":"https:\/\/lipoedem-zentrum-aachen.de\/index.php\/unser-team\/dr-nigl\/","og_locale":"de_DE","og_type":"article","og_title":"Dr. med. Aida Nigl - Lip\u00f6dem Zentrum Aachen","og_description":"Dr. med. Marc Metzler\u00a0- Facharzt f\u00fcr Plastische und \u00c4sthetische Chirurgie - Mitglied vom Lip\u00f6dem Zentrum Aachen","og_url":"https:\/\/lipoedem-zentrum-aachen.de\/index.php\/unser-team\/dr-nigl\/","og_site_name":"Lip\u00f6dem Zentrum Aachen","article_modified_time":"2025-03-14T12:17:24+00:00","og_image":[{"width":1703,"height":2560,"url":"https:\/\/lipoedem-zentrum-aachen.de\/wp-content\/uploads\/2025\/03\/MKA_0143-scaled.jpg","type":"image\/jpeg"}],"twitter_card":"summary_large_image","twitter_misc":{"Gesch\u00e4tzte Lesezeit":"1\u00a0Minute"},"schema":{"@context":"https:\/\/schema.org","@graph":[{"@type":"WebPage","@id":"https:\/\/lipoedem-zentrum-aachen.de\/index.php\/unser-team\/dr-nigl\/","url":"https:\/\/lipoedem-zentrum-aachen.de\/index.php\/unser-team\/dr-nigl\/","name":"Dr. med. Aida Nigl - Lip\u00f6dem Zentrum Aachen","isPartOf":{"@id":"https:\/\/lipoedem-zentrum-aachen.de\/#website"},"primaryImageOfPage":{"@id":"https:\/\/lipoedem-zentrum-aachen.de\/index.php\/unser-team\/dr-nigl\/#primaryimage"},"image":{"@id":"https:\/\/lipoedem-zentrum-aachen.de\/index.php\/unser-team\/dr-nigl\/#primaryimage"},"thumbnailUrl":"https:\/\/lipoedem-zentrum-aachen.de\/wp-content\/uploads\/2025\/03\/MKA_0143-scaled.jpg","datePublished":"2024-06-06T15:32:22+00:00","dateModified":"2025-03-14T12:17:24+00:00","description":"Dr. med. Marc Metzler\u00a0- Facharzt f\u00fcr Plastische und \u00c4sthetische Chirurgie - Mitglied vom Lip\u00f6dem Zentrum Aachen","breadcrumb":{"@id":"https:\/\/lipoedem-zentrum-aachen.de\/index.php\/unser-team\/dr-nigl\/#breadcrumb"},"inLanguage":"de","potentialAction":[{"@type":"ReadAction","target":["https:\/\/lipoedem-zentrum-aachen.de\/index.php\/unser-team\/dr-nigl\/"]}]},{"@type":"ImageObject","inLanguage":"de","@id":"https:\/\/lipoedem-zentrum-aachen.de\/index.php\/unser-team\/dr-nigl\/#primaryimage","url":"https:\/\/lipoedem-zentrum-aachen.de\/wp-content\/uploads\/2025\/03\/MKA_0143-scaled.jpg","contentUrl":"https:\/\/lipoedem-zentrum-aachen.de\/wp-content\/uploads\/2025\/03\/MKA_0143-scaled.jpg","width":1703,"height":2560,"caption":"Dr. med. Aida Nigl"},{"@type":"BreadcrumbList","@id":"https:\/\/lipoedem-zentrum-aachen.de\/index.php\/unser-team\/dr-nigl\/#breadcrumb","itemListElement":[{"@type":"ListItem","position":1,"name":"Startseite","item":"https:\/\/lipoedem-zentrum-aachen.de\/"},{"@type":"ListItem","position":2,"name":"Unser Team","item":"https:\/\/lipoedem-zentrum-aachen.de\/index.php\/unser-team\/"},{"@type":"ListItem","position":3,"name":"Dr. med. Aida Nigl"}]},{"@type":"WebSite","@id":"https:\/\/lipoedem-zentrum-aachen.de\/#website","url":"https:\/\/lipoedem-zentrum-aachen.de\/","name":"Lip\u00f6dem Zentrum Aachen","description":"wir wollen Ihnen helfen!","potentialAction":[{"@type":"SearchAction","target":{"@type":"EntryPoint","urlTemplate":"https:\/\/lipoedem-zentrum-aachen.de\/?s={search_term_string}"},"query-input":{"@type":"PropertyValueSpecification","valueRequired":true,"valueName":"search_term_string"}}],"inLanguage":"de"}]}},"_links":{"self":[{"href":"https:\/\/lipoedem-zentrum-aachen.de\/index.php\/wp-json\/wp\/v2\/pages\/91","targetHints":{"allow":["GET"]}}],"collection":[{"href":"https:\/\/lipoedem-zentrum-aachen.de\/index.php\/wp-json\/wp\/v2\/pages"}],"about":[{"href":"https:\/\/lipoedem-zentrum-aachen.de\/index.php\/wp-json\/wp\/v2\/types\/page"}],"author":[{"embeddable":true,"href":"https:\/\/lipoedem-zentrum-aachen.de\/index.php\/wp-json\/wp\/v2\/users\/1"}],"replies":[{"embeddable":true,"href":"https:\/\/lipoedem-zentrum-aachen.de\/index.php\/wp-json\/wp\/v2\/comments?post=91"}],"version-history":[{"count":0,"href":"https:\/\/lipoedem-zentrum-aachen.de\/index.php\/wp-json\/wp\/v2\/pages\/91\/revisions"}],"up":[{"embeddable":true,"href":"https:\/\/lipoedem-zentrum-aachen.de\/index.php\/wp-json\/wp\/v2\/pages\/65"}],"wp:featuredmedia":[{"embeddable":true,"href":"https:\/\/lipoedem-zentrum-aachen.de\/index.php\/wp-json\/wp\/v2\/media\/866"}],"wp:attachment":[{"href":"https:\/\/lipoedem-zentrum-aachen.de\/index.php\/wp-json\/wp\/v2\/media?parent=91"}],"curies":[{"name":"wp","href":"https:\/\/api.w.org\/{rel}","templated":true}]}}