{"id":912,"date":"2025-03-14T16:09:35","date_gmt":"2025-03-14T16:09:35","guid":{"rendered":"https:\/\/lipoedem-zentrum-aachen.de\/?page_id=912"},"modified":"2025-03-14T16:30:40","modified_gmt":"2025-03-14T16:30:40","slug":"dr-med-denise-esser","status":"publish","type":"page","link":"https:\/\/lipoedem-zentrum-aachen.de\/index.php\/dr-med-denise-esser\/","title":{"rendered":"Dr. med. Denise Esser"},"content":{"rendered":"\t\t<div data-elementor-type=\"wp-page\" data-elementor-id=\"912\" class=\"elementor elementor-912\" data-elementor-post-type=\"page\">\n\t\t\t\t<div class=\"elementor-element elementor-element-31ea774 e-flex e-con-boxed e-con e-parent\" data-id=\"31ea774\" data-element_type=\"container\" data-e-type=\"container\">\n\t\t\t\t\t<div class=\"e-con-inner\">\n\t\t\t\t<div class=\"elementor-element elementor-element-5edd826 elementor-widget elementor-widget-heading\" data-id=\"5edd826\" data-element_type=\"widget\" data-e-type=\"widget\" data-widget_type=\"heading.default\">\n\t\t\t\t<div class=\"elementor-widget-container\">\n\t\t\t\t\t<h1 class=\"elementor-heading-title elementor-size-default\">Dr. med. Denise Esse<\/h1>\t\t\t\t<\/div>\n\t\t\t\t<\/div>\n\t\t\t\t<div class=\"elementor-element elementor-element-cc5c494 elementor-widget elementor-widget-text-editor\" data-id=\"cc5c494\" data-element_type=\"widget\" data-e-type=\"widget\" data-widget_type=\"text-editor.default\">\n\t\t\t\t<div class=\"elementor-widget-container\">\n\t\t\t\t\t\t\t\t\t<p style=\"text-align: center;\">Fach\u00e4rztin f\u00fcr Plastische und \u00c4sthetische Chirurgie<\/p><p style=\"text-align: center;\">Seit \u00fcber 9 Jahren im Bereich der \u00c4sthetischen Chirurgie und der K\u00f6rperformung t\u00e4tig<\/p>\t\t\t\t\t\t\t\t<\/div>\n\t\t\t\t<\/div>\n\t\t\t\t\t<\/div>\n\t\t\t\t<\/div>\n\t\t<div class=\"elementor-element elementor-element-d9d21cf e-con-full e-flex e-con e-parent\" data-id=\"d9d21cf\" data-element_type=\"container\" data-e-type=\"container\">\n\t\t<div class=\"elementor-element elementor-element-5405e9c e-con-full e-flex e-con e-child\" data-id=\"5405e9c\" data-element_type=\"container\" data-e-type=\"container\">\n\t\t\t\t<div class=\"elementor-element elementor-element-0b30570 elementor-widget elementor-widget-image\" data-id=\"0b30570\" data-element_type=\"widget\" data-e-type=\"widget\" data-widget_type=\"image.default\">\n\t\t\t\t<div class=\"elementor-widget-container\">\n\t\t\t\t\t\t\t\t\t\t\t\t<figure class=\"wp-caption\">\n\t\t\t\t\t\t\t\t\t\t<img fetchpriority=\"high\" decoding=\"async\" width=\"499\" height=\"750\" src=\"https:\/\/lipoedem-zentrum-aachen.de\/wp-content\/uploads\/2025\/03\/denise-esser-2.jpg\" class=\"attachment-full size-full wp-image-913\" alt=\"denise-esser-2\" srcset=\"https:\/\/lipoedem-zentrum-aachen.de\/wp-content\/uploads\/2025\/03\/denise-esser-2.jpg 499w, https:\/\/lipoedem-zentrum-aachen.de\/wp-content\/uploads\/2025\/03\/denise-esser-2-200x300.jpg 200w\" sizes=\"(max-width: 499px) 100vw, 499px\" \/>\t\t\t\t\t\t\t\t\t\t\t<figcaption class=\"widget-image-caption wp-caption-text\"><b>Dr. med. Denise Esser<\/b><br>Fach\u00e4rztin f\u00fcr Plastische und \u00c4sthetische Chirurgie<\/figcaption>\n\t\t\t\t\t\t\t\t\t\t<\/figure>\n\t\t\t\t\t\t\t\t\t<\/div>\n\t\t\t\t<\/div>\n\t\t\t\t<\/div>\n\t\t<div class=\"elementor-element elementor-element-20ff7af e-con-full e-flex e-con e-child\" data-id=\"20ff7af\" data-element_type=\"container\" data-e-type=\"container\">\n\t\t\t\t<div class=\"elementor-element elementor-element-87d9df5 elementor-widget elementor-widget-heading\" data-id=\"87d9df5\" data-element_type=\"widget\" data-e-type=\"widget\" data-widget_type=\"heading.default\">\n\t\t\t\t<div class=\"elementor-widget-container\">\n\t\t\t\t\t<h2 class=\"elementor-heading-title elementor-size-default\">Berufliches Entwicklung nach Ihrer Facharztausbildung<\/h2>\t\t\t\t<\/div>\n\t\t\t\t<\/div>\n\t\t\t\t<div class=\"elementor-element elementor-element-8f80845 elementor-widget elementor-widget-text-editor\" data-id=\"8f80845\" data-element_type=\"widget\" data-e-type=\"widget\" data-widget_type=\"text-editor.default\">\n\t\t\t\t<div class=\"elementor-widget-container\">\n\t\t\t\t\t\t\t\t\t<ul><li>Promotion an der RWTH Aachen in Kooperation mit der Yale University 2018 (Dr. med)<\/li><li>Fachkunde Rettungsmedizin und langj\u00e4hrige T\u00e4tigkeit als Not\u00e4rztin der Stadt Leverkusen<\/li><li>Facharztpr\u00fcfung f\u00fcr Plastische, Rekonstruktive und \u00c4sthetische Chirurgie an der \u00c4rztekammer Nordrhein (02\/2024)<\/li><li>Seit 03\/2024 ist Frau Dr. med. Esser als Ober\u00e4rztin und st\u00e4ndige Chefarzt Vertreterin in Aachen t\u00e4tig<\/li><li>Seit September 2024 verst\u00e4rkt Frau Dr. med. Esser das Team der Domhof Klinik\u00a0<\/li><\/ul>\t\t\t\t\t\t\t\t<\/div>\n\t\t\t\t<\/div>\n\t\t\t\t<div class=\"elementor-element elementor-element-8b5d1b0 elementor-widget elementor-widget-text-editor\" data-id=\"8b5d1b0\" data-element_type=\"widget\" data-e-type=\"widget\" data-widget_type=\"text-editor.default\">\n\t\t\t\t<div class=\"elementor-widget-container\">\n\t\t\t\t\t\t\t\t\t<h3 class=\"elementor-heading-title elementor-size-default\">Studium der Humanmedizin<\/h3><ul style=\"padding-top: 25px;\"><li>RWTH Aachen<\/li><li>Stellenbosch University, Kapstadt, S\u00fcdafrika<\/li><\/ul>\t\t\t\t\t\t\t\t<\/div>\n\t\t\t\t<\/div>\n\t\t\t\t<div class=\"elementor-element elementor-element-7088cee elementor-align-center e-transform elementor-widget elementor-widget-button\" data-id=\"7088cee\" data-element_type=\"widget\" data-e-type=\"widget\" data-settings=\"{&quot;_transform_scale_effect_hover&quot;:{&quot;unit&quot;:&quot;px&quot;,&quot;size&quot;:1.1,&quot;sizes&quot;:[]},&quot;_transform_scale_effect_hover_tablet&quot;:{&quot;unit&quot;:&quot;px&quot;,&quot;size&quot;:&quot;&quot;,&quot;sizes&quot;:[]},&quot;_transform_scale_effect_hover_mobile&quot;:{&quot;unit&quot;:&quot;px&quot;,&quot;size&quot;:&quot;&quot;,&quot;sizes&quot;:[]}}\" data-widget_type=\"button.default\">\n\t\t\t\t<div class=\"elementor-widget-container\">\n\t\t\t\t\t\t\t\t\t<div class=\"elementor-button-wrapper\">\n\t\t\t\t\t<a class=\"elementor-button elementor-button-link elementor-size-sm\" href=\"https:\/\/www.drjens.de\/dr-med-denise-esser\/\">\n\t\t\t\t\t\t<span class=\"elementor-button-content-wrapper\">\n\t\t\t\t\t\t\t\t\t<span class=\"elementor-button-text\">Mehr \u00fcber Fr. Dr. Denise Esser<\/span>\n\t\t\t\t\t<\/span>\n\t\t\t\t\t<\/a>\n\t\t\t\t<\/div>\n\t\t\t\t\t\t\t\t<\/div>\n\t\t\t\t<\/div>\n\t\t\t\t<\/div>\n\t\t\t\t<\/div>\n\t\t\t\t<\/div>\n\t\t","protected":false},"excerpt":{"rendered":"<p>Dr. med. Denise Esse Fach\u00e4rztin f\u00fcr Plastische und \u00c4sthetische Chirurgie Seit \u00fcber 9 Jahren im Bereich der \u00c4sthetischen Chirurgie und der K\u00f6rperformung t\u00e4tig Dr. med. Denise EsserFach\u00e4rztin f\u00fcr Plastische und \u00c4sthetische Chirurgie Berufliches Entwicklung nach Ihrer Facharztausbildung Promotion an der RWTH Aachen in Kooperation mit der Yale University 2018 (Dr. med) Fachkunde Rettungsmedizin und langj\u00e4hrige [&hellip;]<\/p>\n","protected":false},"author":1,"featured_media":913,"parent":0,"menu_order":0,"comment_status":"closed","ping_status":"closed","template":"","meta":{"footnotes":""},"class_list":["post-912","page","type-page","status-publish","has-post-thumbnail","hentry"],"yoast_head":"<!-- This site is optimized with the Yoast SEO plugin v27.4 - https:\/\/yoast.com\/product\/yoast-seo-wordpress\/ -->\n<title>Dr. med. Denise Esser - Lip\u00f6dem Zentrum Aachen<\/title>\n<meta name=\"robots\" content=\"index, follow, max-snippet:-1, max-image-preview:large, max-video-preview:-1\" \/>\n<link rel=\"canonical\" href=\"https:\/\/lipoedem-zentrum-aachen.de\/index.php\/dr-med-denise-esser\/\" \/>\n<meta property=\"og:locale\" content=\"de_DE\" \/>\n<meta property=\"og:type\" content=\"article\" \/>\n<meta property=\"og:title\" content=\"Dr. med. Denise Esser - Lip\u00f6dem Zentrum Aachen\" \/>\n<meta property=\"og:description\" content=\"Dr. med. Denise Esse Fach\u00e4rztin f\u00fcr Plastische und \u00c4sthetische Chirurgie Seit \u00fcber 9 Jahren im Bereich der \u00c4sthetischen Chirurgie und der K\u00f6rperformung t\u00e4tig Dr. med. Denise EsserFach\u00e4rztin f\u00fcr Plastische und \u00c4sthetische Chirurgie Berufliches Entwicklung nach Ihrer Facharztausbildung Promotion an der RWTH Aachen in Kooperation mit der Yale University 2018 (Dr. med) Fachkunde Rettungsmedizin und langj\u00e4hrige [&hellip;]\" \/>\n<meta property=\"og:url\" content=\"https:\/\/lipoedem-zentrum-aachen.de\/index.php\/dr-med-denise-esser\/\" \/>\n<meta property=\"og:site_name\" content=\"Lip\u00f6dem Zentrum Aachen\" \/>\n<meta property=\"article:modified_time\" content=\"2025-03-14T16:30:40+00:00\" \/>\n<meta property=\"og:image\" content=\"https:\/\/lipoedem-zentrum-aachen.de\/wp-content\/uploads\/2025\/03\/denise-esser-2.jpg\" \/>\n\t<meta property=\"og:image:width\" content=\"499\" \/>\n\t<meta property=\"og:image:height\" content=\"750\" \/>\n\t<meta property=\"og:image:type\" content=\"image\/jpeg\" \/>\n<meta name=\"twitter:card\" content=\"summary_large_image\" \/>\n<meta name=\"twitter:label1\" content=\"Gesch\u00e4tzte Lesezeit\" \/>\n\t<meta name=\"twitter:data1\" content=\"1\u00a0Minute\" \/>\n<script type=\"application\/ld+json\" class=\"yoast-schema-graph\">{\"@context\":\"https:\\\/\\\/schema.org\",\"@graph\":[{\"@type\":\"WebPage\",\"@id\":\"https:\\\/\\\/lipoedem-zentrum-aachen.de\\\/index.php\\\/dr-med-denise-esser\\\/\",\"url\":\"https:\\\/\\\/lipoedem-zentrum-aachen.de\\\/index.php\\\/dr-med-denise-esser\\\/\",\"name\":\"Dr. med. Denise Esser - Lip\u00f6dem Zentrum Aachen\",\"isPartOf\":{\"@id\":\"https:\\\/\\\/lipoedem-zentrum-aachen.de\\\/#website\"},\"primaryImageOfPage\":{\"@id\":\"https:\\\/\\\/lipoedem-zentrum-aachen.de\\\/index.php\\\/dr-med-denise-esser\\\/#primaryimage\"},\"image\":{\"@id\":\"https:\\\/\\\/lipoedem-zentrum-aachen.de\\\/index.php\\\/dr-med-denise-esser\\\/#primaryimage\"},\"thumbnailUrl\":\"https:\\\/\\\/lipoedem-zentrum-aachen.de\\\/wp-content\\\/uploads\\\/2025\\\/03\\\/denise-esser-2.jpg\",\"datePublished\":\"2025-03-14T16:09:35+00:00\",\"dateModified\":\"2025-03-14T16:30:40+00:00\",\"breadcrumb\":{\"@id\":\"https:\\\/\\\/lipoedem-zentrum-aachen.de\\\/index.php\\\/dr-med-denise-esser\\\/#breadcrumb\"},\"inLanguage\":\"de\",\"potentialAction\":[{\"@type\":\"ReadAction\",\"target\":[\"https:\\\/\\\/lipoedem-zentrum-aachen.de\\\/index.php\\\/dr-med-denise-esser\\\/\"]}]},{\"@type\":\"ImageObject\",\"inLanguage\":\"de\",\"@id\":\"https:\\\/\\\/lipoedem-zentrum-aachen.de\\\/index.php\\\/dr-med-denise-esser\\\/#primaryimage\",\"url\":\"https:\\\/\\\/lipoedem-zentrum-aachen.de\\\/wp-content\\\/uploads\\\/2025\\\/03\\\/denise-esser-2.jpg\",\"contentUrl\":\"https:\\\/\\\/lipoedem-zentrum-aachen.de\\\/wp-content\\\/uploads\\\/2025\\\/03\\\/denise-esser-2.jpg\",\"width\":499,\"height\":750,\"caption\":\"denise-esser-2\"},{\"@type\":\"BreadcrumbList\",\"@id\":\"https:\\\/\\\/lipoedem-zentrum-aachen.de\\\/index.php\\\/dr-med-denise-esser\\\/#breadcrumb\",\"itemListElement\":[{\"@type\":\"ListItem\",\"position\":1,\"name\":\"Startseite\",\"item\":\"https:\\\/\\\/lipoedem-zentrum-aachen.de\\\/\"},{\"@type\":\"ListItem\",\"position\":2,\"name\":\"Dr. med. Denise Esser\"}]},{\"@type\":\"WebSite\",\"@id\":\"https:\\\/\\\/lipoedem-zentrum-aachen.de\\\/#website\",\"url\":\"https:\\\/\\\/lipoedem-zentrum-aachen.de\\\/\",\"name\":\"Lip\u00f6dem Zentrum Aachen\",\"description\":\"wir wollen Ihnen helfen!\",\"potentialAction\":[{\"@type\":\"SearchAction\",\"target\":{\"@type\":\"EntryPoint\",\"urlTemplate\":\"https:\\\/\\\/lipoedem-zentrum-aachen.de\\\/?s={search_term_string}\"},\"query-input\":{\"@type\":\"PropertyValueSpecification\",\"valueRequired\":true,\"valueName\":\"search_term_string\"}}],\"inLanguage\":\"de\"}]}<\/script>\n<!-- \/ Yoast SEO plugin. -->","yoast_head_json":{"title":"Dr. med. Denise Esser - Lip\u00f6dem Zentrum Aachen","robots":{"index":"index","follow":"follow","max-snippet":"max-snippet:-1","max-image-preview":"max-image-preview:large","max-video-preview":"max-video-preview:-1"},"canonical":"https:\/\/lipoedem-zentrum-aachen.de\/index.php\/dr-med-denise-esser\/","og_locale":"de_DE","og_type":"article","og_title":"Dr. med. Denise Esser - Lip\u00f6dem Zentrum Aachen","og_description":"Dr. med. Denise Esse Fach\u00e4rztin f\u00fcr Plastische und \u00c4sthetische Chirurgie Seit \u00fcber 9 Jahren im Bereich der \u00c4sthetischen Chirurgie und der K\u00f6rperformung t\u00e4tig Dr. med. Denise EsserFach\u00e4rztin f\u00fcr Plastische und \u00c4sthetische Chirurgie Berufliches Entwicklung nach Ihrer Facharztausbildung Promotion an der RWTH Aachen in Kooperation mit der Yale University 2018 (Dr. med) Fachkunde Rettungsmedizin und langj\u00e4hrige [&hellip;]","og_url":"https:\/\/lipoedem-zentrum-aachen.de\/index.php\/dr-med-denise-esser\/","og_site_name":"Lip\u00f6dem Zentrum Aachen","article_modified_time":"2025-03-14T16:30:40+00:00","og_image":[{"width":499,"height":750,"url":"https:\/\/lipoedem-zentrum-aachen.de\/wp-content\/uploads\/2025\/03\/denise-esser-2.jpg","type":"image\/jpeg"}],"twitter_card":"summary_large_image","twitter_misc":{"Gesch\u00e4tzte Lesezeit":"1\u00a0Minute"},"schema":{"@context":"https:\/\/schema.org","@graph":[{"@type":"WebPage","@id":"https:\/\/lipoedem-zentrum-aachen.de\/index.php\/dr-med-denise-esser\/","url":"https:\/\/lipoedem-zentrum-aachen.de\/index.php\/dr-med-denise-esser\/","name":"Dr. med. Denise Esser - Lip\u00f6dem Zentrum Aachen","isPartOf":{"@id":"https:\/\/lipoedem-zentrum-aachen.de\/#website"},"primaryImageOfPage":{"@id":"https:\/\/lipoedem-zentrum-aachen.de\/index.php\/dr-med-denise-esser\/#primaryimage"},"image":{"@id":"https:\/\/lipoedem-zentrum-aachen.de\/index.php\/dr-med-denise-esser\/#primaryimage"},"thumbnailUrl":"https:\/\/lipoedem-zentrum-aachen.de\/wp-content\/uploads\/2025\/03\/denise-esser-2.jpg","datePublished":"2025-03-14T16:09:35+00:00","dateModified":"2025-03-14T16:30:40+00:00","breadcrumb":{"@id":"https:\/\/lipoedem-zentrum-aachen.de\/index.php\/dr-med-denise-esser\/#breadcrumb"},"inLanguage":"de","potentialAction":[{"@type":"ReadAction","target":["https:\/\/lipoedem-zentrum-aachen.de\/index.php\/dr-med-denise-esser\/"]}]},{"@type":"ImageObject","inLanguage":"de","@id":"https:\/\/lipoedem-zentrum-aachen.de\/index.php\/dr-med-denise-esser\/#primaryimage","url":"https:\/\/lipoedem-zentrum-aachen.de\/wp-content\/uploads\/2025\/03\/denise-esser-2.jpg","contentUrl":"https:\/\/lipoedem-zentrum-aachen.de\/wp-content\/uploads\/2025\/03\/denise-esser-2.jpg","width":499,"height":750,"caption":"denise-esser-2"},{"@type":"BreadcrumbList","@id":"https:\/\/lipoedem-zentrum-aachen.de\/index.php\/dr-med-denise-esser\/#breadcrumb","itemListElement":[{"@type":"ListItem","position":1,"name":"Startseite","item":"https:\/\/lipoedem-zentrum-aachen.de\/"},{"@type":"ListItem","position":2,"name":"Dr. med. Denise Esser"}]},{"@type":"WebSite","@id":"https:\/\/lipoedem-zentrum-aachen.de\/#website","url":"https:\/\/lipoedem-zentrum-aachen.de\/","name":"Lip\u00f6dem Zentrum Aachen","description":"wir wollen Ihnen helfen!","potentialAction":[{"@type":"SearchAction","target":{"@type":"EntryPoint","urlTemplate":"https:\/\/lipoedem-zentrum-aachen.de\/?s={search_term_string}"},"query-input":{"@type":"PropertyValueSpecification","valueRequired":true,"valueName":"search_term_string"}}],"inLanguage":"de"}]}},"_links":{"self":[{"href":"https:\/\/lipoedem-zentrum-aachen.de\/index.php\/wp-json\/wp\/v2\/pages\/912","targetHints":{"allow":["GET"]}}],"collection":[{"href":"https:\/\/lipoedem-zentrum-aachen.de\/index.php\/wp-json\/wp\/v2\/pages"}],"about":[{"href":"https:\/\/lipoedem-zentrum-aachen.de\/index.php\/wp-json\/wp\/v2\/types\/page"}],"author":[{"embeddable":true,"href":"https:\/\/lipoedem-zentrum-aachen.de\/index.php\/wp-json\/wp\/v2\/users\/1"}],"replies":[{"embeddable":true,"href":"https:\/\/lipoedem-zentrum-aachen.de\/index.php\/wp-json\/wp\/v2\/comments?post=912"}],"version-history":[{"count":0,"href":"https:\/\/lipoedem-zentrum-aachen.de\/index.php\/wp-json\/wp\/v2\/pages\/912\/revisions"}],"wp:featuredmedia":[{"embeddable":true,"href":"https:\/\/lipoedem-zentrum-aachen.de\/index.php\/wp-json\/wp\/v2\/media\/913"}],"wp:attachment":[{"href":"https:\/\/lipoedem-zentrum-aachen.de\/index.php\/wp-json\/wp\/v2\/media?parent=912"}],"curies":[{"name":"wp","href":"https:\/\/api.w.org\/{rel}","templated":true}]}}