{"id":95,"date":"2024-06-06T15:33:00","date_gmt":"2024-06-06T15:33:00","guid":{"rendered":"https:\/\/lipoedem-zentrum-aachen.de\/?page_id=95"},"modified":"2025-05-19T11:45:23","modified_gmt":"2025-05-19T11:45:23","slug":"dr-mohsen-donyawie","status":"publish","type":"page","link":"https:\/\/lipoedem-zentrum-aachen.de\/index.php\/unser-team\/dr-mohsen-donyawie\/","title":{"rendered":"Dr.\u00a0med. Mohsen Donyawie"},"content":{"rendered":"\t\t<div data-elementor-type=\"wp-page\" data-elementor-id=\"95\" class=\"elementor elementor-95\" data-elementor-post-type=\"page\">\n\t\t\t\t<div class=\"elementor-element elementor-element-c0e000d e-flex e-con-boxed e-con e-parent\" data-id=\"c0e000d\" data-element_type=\"container\" data-e-type=\"container\">\n\t\t\t\t\t<div class=\"e-con-inner\">\n\t\t\t\t<div class=\"elementor-element elementor-element-a2bbca1 elementor-widget elementor-widget-heading\" data-id=\"a2bbca1\" data-element_type=\"widget\" data-e-type=\"widget\" data-widget_type=\"heading.default\">\n\t\t\t\t<div class=\"elementor-widget-container\">\n\t\t\t\t\t<h1 class=\"elementor-heading-title elementor-size-default\">Dr. med. Mohsen Donyawie<\/h1>\t\t\t\t<\/div>\n\t\t\t\t<\/div>\n\t\t\t\t<div class=\"elementor-element elementor-element-f12cfa2 elementor-widget elementor-widget-text-editor\" data-id=\"f12cfa2\" data-element_type=\"widget\" data-e-type=\"widget\" data-widget_type=\"text-editor.default\">\n\t\t\t\t<div class=\"elementor-widget-container\">\n\t\t\t\t\t\t\t\t\t<p><\/p>\n<p style=\"text-align: center;\">Phlebologe, Gef\u00e4\u00dfchirurg<\/p>\n<p><\/p>\t\t\t\t\t\t\t\t<\/div>\n\t\t\t\t<\/div>\n\t\t\t\t\t<\/div>\n\t\t\t\t<\/div>\n\t\t<div class=\"elementor-element elementor-element-31c659a e-flex e-con-boxed e-con e-parent\" data-id=\"31c659a\" data-element_type=\"container\" data-e-type=\"container\">\n\t\t\t\t\t<div class=\"e-con-inner\">\n\t\t<div class=\"elementor-element elementor-element-9ecf6de e-con-full e-flex e-con e-child\" data-id=\"9ecf6de\" data-element_type=\"container\" data-e-type=\"container\">\n\t\t\t\t<div class=\"elementor-element elementor-element-2d75fd0 elementor-widget elementor-widget-image\" data-id=\"2d75fd0\" data-element_type=\"widget\" data-e-type=\"widget\" data-widget_type=\"image.default\">\n\t\t\t\t<div class=\"elementor-widget-container\">\n\t\t\t\t\t\t\t\t\t\t\t\t<figure class=\"wp-caption\">\n\t\t\t\t\t\t\t\t\t\t<img fetchpriority=\"high\" decoding=\"async\" width=\"226\" height=\"300\" src=\"https:\/\/lipoedem-zentrum-aachen.de\/wp-content\/uploads\/2024\/08\/dr-donyawie-226x300.jpg\" class=\"attachment-medium size-medium wp-image-429\" alt=\"Dr. M. Donyawie\" srcset=\"https:\/\/lipoedem-zentrum-aachen.de\/wp-content\/uploads\/2024\/08\/dr-donyawie-226x300.jpg 226w, https:\/\/lipoedem-zentrum-aachen.de\/wp-content\/uploads\/2024\/08\/dr-donyawie.jpg 515w\" sizes=\"(max-width: 226px) 100vw, 226px\" \/>\t\t\t\t\t\t\t\t\t\t\t<figcaption class=\"widget-image-caption wp-caption-text\">Dr. M. Donyawie<br>Phlebologe, Gef\u00e4\u00dfchirurg<\/figcaption>\n\t\t\t\t\t\t\t\t\t\t<\/figure>\n\t\t\t\t\t\t\t\t\t<\/div>\n\t\t\t\t<\/div>\n\t\t\t\t<\/div>\n\t\t<div class=\"elementor-element elementor-element-6896edb e-con-full e-flex e-con e-child\" data-id=\"6896edb\" data-element_type=\"container\" data-e-type=\"container\">\n\t\t\t\t<div class=\"elementor-element elementor-element-7755d69 elementor-widget elementor-widget-text-editor\" data-id=\"7755d69\" data-element_type=\"widget\" data-e-type=\"widget\" data-widget_type=\"text-editor.default\">\n\t\t\t\t<div class=\"elementor-widget-container\">\n\t\t\t\t\t\t\t\t\t<h3 class=\"dl-profile-card-title dl-text dl-text-title dl-text-bold dl-text-s dl-text-neutral-150\">Erfahrung<\/h3>\n<div class=\"dl-profile-text dl-profile-entry\">\n<div class=\"dl-profile-entry-time\">Seit 2023<\/div>\n<p class=\"dl-profile-entry-label\">Praxis &#8211; Aachen<\/p>\n<\/div>\n<div class=\"dl-profile-text dl-profile-entry\">\n<div class=\"dl-profile-entry-time\">2020 &#8211; 2023<\/div>\n<p class=\"dl-profile-entry-label\">Oberarzt &#8211; Marienhospital Aachen &#8211; Gef\u00e4\u00dfchirugie<\/p>\n<\/div>\n<div class=\"dl-profile-text dl-profile-entry\">\n<div class=\"dl-profile-entry-time\">2019 &#8211; 2020<\/div>\n<p class=\"dl-profile-entry-label\">Angestellter Facharzt &#8211; Zentrum f\u00fcr Gef\u00e4\u00dfmedizin D\u00fcsseldorf<\/p>\n<\/div>\n<div class=\"dl-profile-text dl-profile-entry\">\n<div class=\"dl-profile-entry-time\">2013 &#8211; 2019<\/div>\n<p class=\"dl-profile-entry-label\">Oberarzt &#8211; Marienhospital Aachen &#8211; Gef\u00e4\u00dfchirugie<\/p>\n<\/div>\n<div class=\"dl-profile-text dl-profile-entry\">\n<div class=\"dl-profile-entry-time\">2011 &#8211; 2013<\/div>\n<p class=\"dl-profile-entry-label\">Assistenzarzt &#8211; Gemeinschaftskrankenhaus Bonn &#8211; Haus St. Petrus &#8211; Gef\u00e4\u00dfchirugie<\/p>\n<\/div>\n<div class=\"dl-profile-text dl-profile-entry\">\n<div class=\"dl-profile-entry-time\">2009 &#8211; 2010<\/div>\n<p class=\"dl-profile-entry-label\">Angestellter Facharzt &#8211; Universit\u00e4tsklinikum Bonn (UKB) &#8211; Herzchirugie<\/p>\n<\/div>\n<div class=\"dl-profile-text dl-profile-entry\">\n<div class=\"dl-profile-entry-time\">2003 &#8211; 2009<\/div>\n<p class=\"dl-profile-entry-label\">Assistenzarzt &#8211; Universit\u00e4tsklinikum Bonn (UKB) &#8211; Herzchirugie<\/p>\n<\/div>\t\t\t\t\t\t\t\t<\/div>\n\t\t\t\t<\/div>\n\t\t\t\t<div class=\"elementor-element elementor-element-639b4c2 elementor-widget elementor-widget-heading\" data-id=\"639b4c2\" data-element_type=\"widget\" data-e-type=\"widget\" data-widget_type=\"heading.default\">\n\t\t\t\t<div class=\"elementor-widget-container\">\n\t\t\t\t\t<h2 class=\"elementor-heading-title elementor-size-default\">Kontakt Dr. med. Mohsen Donyawie<\/h2>\t\t\t\t<\/div>\n\t\t\t\t<\/div>\n\t\t\t\t<div class=\"elementor-element elementor-element-b99d842 elementor-icon-list--layout-traditional elementor-list-item-link-full_width elementor-widget elementor-widget-icon-list\" data-id=\"b99d842\" data-element_type=\"widget\" data-e-type=\"widget\" data-widget_type=\"icon-list.default\">\n\t\t\t\t<div class=\"elementor-widget-container\">\n\t\t\t\t\t\t\t<ul class=\"elementor-icon-list-items\">\n\t\t\t\t\t\t\t<li class=\"elementor-icon-list-item\">\n\t\t\t\t\t\t\t\t\t\t\t<span class=\"elementor-icon-list-icon\">\n\t\t\t\t\t\t\t<svg aria-hidden=\"true\" class=\"e-font-icon-svg e-fas-phone\" viewBox=\"0 0 512 512\" xmlns=\"http:\/\/www.w3.org\/2000\/svg\"><path d=\"M493.4 24.6l-104-24c-11.3-2.6-22.9 3.3-27.5 13.9l-48 112c-4.2 9.8-1.4 21.3 6.9 28l60.6 49.6c-36 76.7-98.9 140.5-177.2 177.2l-49.6-60.6c-6.8-8.3-18.2-11.1-28-6.9l-112 48C3.9 366.5-2 378.1.6 389.4l24 104C27.1 504.2 36.7 512 48 512c256.1 0 464-207.5 464-464 0-11.2-7.7-20.9-18.6-23.4z\"><\/path><\/svg>\t\t\t\t\t\t<\/span>\n\t\t\t\t\t\t\t\t\t\t<span class=\"elementor-icon-list-text\">0241 - 3 11 33<\/span>\n\t\t\t\t\t\t\t\t\t<\/li>\n\t\t\t\t\t\t<\/ul>\n\t\t\t\t\t\t<\/div>\n\t\t\t\t<\/div>\n\t\t\t\t<div class=\"elementor-element elementor-element-099d0b5 elementor-align-center e-transform elementor-widget elementor-widget-button\" data-id=\"099d0b5\" data-element_type=\"widget\" data-e-type=\"widget\" data-settings=\"{&quot;_transform_scale_effect_hover&quot;:{&quot;unit&quot;:&quot;px&quot;,&quot;size&quot;:1.1,&quot;sizes&quot;:[]},&quot;_transform_scale_effect_hover_tablet&quot;:{&quot;unit&quot;:&quot;px&quot;,&quot;size&quot;:&quot;&quot;,&quot;sizes&quot;:[]},&quot;_transform_scale_effect_hover_mobile&quot;:{&quot;unit&quot;:&quot;px&quot;,&quot;size&quot;:&quot;&quot;,&quot;sizes&quot;:[]}}\" data-widget_type=\"button.default\">\n\t\t\t\t<div class=\"elementor-widget-container\">\n\t\t\t\t\t\t\t\t\t<div class=\"elementor-button-wrapper\">\n\t\t\t\t\t<a class=\"elementor-button elementor-button-link elementor-size-sm\" href=\"https:\/\/www.venenzentrum-aachen.de\/aerzteteam.html\" target=\"_blank\">\n\t\t\t\t\t\t<span class=\"elementor-button-content-wrapper\">\n\t\t\t\t\t\t\t\t\t<span class=\"elementor-button-text\">Zur Webseite von Dr. med. Mohsen Donyawie<\/span>\n\t\t\t\t\t<\/span>\n\t\t\t\t\t<\/a>\n\t\t\t\t<\/div>\n\t\t\t\t\t\t\t\t<\/div>\n\t\t\t\t<\/div>\n\t\t\t\t<\/div>\n\t\t\t\t\t<\/div>\n\t\t\t\t<\/div>\n\t\t\t\t<\/div>\n\t\t","protected":false},"excerpt":{"rendered":"<p>Dr. med. Mohsen Donyawie Phlebologe, Gef\u00e4\u00dfchirurg Dr. M. DonyawiePhlebologe, Gef\u00e4\u00dfchirurg Erfahrung Seit 2023 Praxis &#8211; Aachen 2020 &#8211; 2023 Oberarzt &#8211; Marienhospital Aachen &#8211; Gef\u00e4\u00dfchirugie 2019 &#8211; 2020 Angestellter Facharzt &#8211; Zentrum f\u00fcr Gef\u00e4\u00dfmedizin D\u00fcsseldorf 2013 &#8211; 2019 Oberarzt &#8211; Marienhospital Aachen &#8211; Gef\u00e4\u00dfchirugie 2011 &#8211; 2013 Assistenzarzt &#8211; Gemeinschaftskrankenhaus Bonn &#8211; Haus St. Petrus [&hellip;]<\/p>\n","protected":false},"author":1,"featured_media":429,"parent":65,"menu_order":0,"comment_status":"closed","ping_status":"closed","template":"","meta":{"footnotes":""},"class_list":["post-95","page","type-page","status-publish","has-post-thumbnail","hentry"],"yoast_head":"<!-- This site is optimized with the Yoast SEO plugin v27.5 - https:\/\/yoast.com\/product\/yoast-seo-wordpress\/ -->\n<title>Dr.\u00a0med. Mohsen Donyawie - Lip\u00f6dem Zentrum Aachen<\/title>\n<meta name=\"description\" content=\"Dr.\u00a0med. Mohsen Donyawie - Phlebologe, Gef\u00e4\u00dfchirurg im Venenzentrum Aachen - Mitglied &amp; Facharzt im Lip\u00f6dem Zentrum\" \/>\n<meta name=\"robots\" content=\"index, follow, max-snippet:-1, max-image-preview:large, max-video-preview:-1\" \/>\n<link rel=\"canonical\" href=\"https:\/\/lipoedem-zentrum-aachen.de\/index.php\/unser-team\/dr-mohsen-donyawie\/\" \/>\n<meta property=\"og:locale\" content=\"de_DE\" \/>\n<meta property=\"og:type\" content=\"article\" \/>\n<meta property=\"og:title\" content=\"Dr.\u00a0med. Mohsen Donyawie - Lip\u00f6dem Zentrum Aachen\" \/>\n<meta property=\"og:description\" content=\"Dr.\u00a0med. Mohsen Donyawie - Phlebologe, Gef\u00e4\u00dfchirurg im Venenzentrum Aachen - Mitglied &amp; Facharzt im Lip\u00f6dem Zentrum\" \/>\n<meta property=\"og:url\" content=\"https:\/\/lipoedem-zentrum-aachen.de\/index.php\/unser-team\/dr-mohsen-donyawie\/\" \/>\n<meta property=\"og:site_name\" content=\"Lip\u00f6dem Zentrum Aachen\" \/>\n<meta property=\"article:modified_time\" content=\"2025-05-19T11:45:23+00:00\" \/>\n<meta property=\"og:image\" content=\"https:\/\/lipoedem-zentrum-aachen.de\/wp-content\/uploads\/2024\/08\/dr-donyawie.jpg\" \/>\n\t<meta property=\"og:image:width\" content=\"515\" \/>\n\t<meta property=\"og:image:height\" content=\"685\" \/>\n\t<meta property=\"og:image:type\" content=\"image\/webp\" \/>\n<meta name=\"twitter:card\" content=\"summary_large_image\" \/>\n<meta name=\"twitter:label1\" content=\"Gesch\u00e4tzte Lesezeit\" \/>\n\t<meta name=\"twitter:data1\" content=\"1\u00a0Minute\" \/>\n<script type=\"application\/ld+json\" class=\"yoast-schema-graph\">{\"@context\":\"https:\\\/\\\/schema.org\",\"@graph\":[{\"@type\":\"WebPage\",\"@id\":\"https:\\\/\\\/lipoedem-zentrum-aachen.de\\\/index.php\\\/unser-team\\\/dr-mohsen-donyawie\\\/\",\"url\":\"https:\\\/\\\/lipoedem-zentrum-aachen.de\\\/index.php\\\/unser-team\\\/dr-mohsen-donyawie\\\/\",\"name\":\"Dr.\u00a0med. Mohsen Donyawie - Lip\u00f6dem Zentrum Aachen\",\"isPartOf\":{\"@id\":\"https:\\\/\\\/lipoedem-zentrum-aachen.de\\\/#website\"},\"primaryImageOfPage\":{\"@id\":\"https:\\\/\\\/lipoedem-zentrum-aachen.de\\\/index.php\\\/unser-team\\\/dr-mohsen-donyawie\\\/#primaryimage\"},\"image\":{\"@id\":\"https:\\\/\\\/lipoedem-zentrum-aachen.de\\\/index.php\\\/unser-team\\\/dr-mohsen-donyawie\\\/#primaryimage\"},\"thumbnailUrl\":\"https:\\\/\\\/lipoedem-zentrum-aachen.de\\\/wp-content\\\/uploads\\\/2024\\\/08\\\/dr-donyawie.jpg\",\"datePublished\":\"2024-06-06T15:33:00+00:00\",\"dateModified\":\"2025-05-19T11:45:23+00:00\",\"description\":\"Dr.\u00a0med. Mohsen Donyawie - Phlebologe, Gef\u00e4\u00dfchirurg im Venenzentrum Aachen - Mitglied & Facharzt im Lip\u00f6dem Zentrum\",\"breadcrumb\":{\"@id\":\"https:\\\/\\\/lipoedem-zentrum-aachen.de\\\/index.php\\\/unser-team\\\/dr-mohsen-donyawie\\\/#breadcrumb\"},\"inLanguage\":\"de\",\"potentialAction\":[{\"@type\":\"ReadAction\",\"target\":[\"https:\\\/\\\/lipoedem-zentrum-aachen.de\\\/index.php\\\/unser-team\\\/dr-mohsen-donyawie\\\/\"]}]},{\"@type\":\"ImageObject\",\"inLanguage\":\"de\",\"@id\":\"https:\\\/\\\/lipoedem-zentrum-aachen.de\\\/index.php\\\/unser-team\\\/dr-mohsen-donyawie\\\/#primaryimage\",\"url\":\"https:\\\/\\\/lipoedem-zentrum-aachen.de\\\/wp-content\\\/uploads\\\/2024\\\/08\\\/dr-donyawie.jpg\",\"contentUrl\":\"https:\\\/\\\/lipoedem-zentrum-aachen.de\\\/wp-content\\\/uploads\\\/2024\\\/08\\\/dr-donyawie.jpg\",\"width\":515,\"height\":685,\"caption\":\"Dr. M. Donyawie Phlebologe, Gef\u00e4\u00dfchirurg\"},{\"@type\":\"BreadcrumbList\",\"@id\":\"https:\\\/\\\/lipoedem-zentrum-aachen.de\\\/index.php\\\/unser-team\\\/dr-mohsen-donyawie\\\/#breadcrumb\",\"itemListElement\":[{\"@type\":\"ListItem\",\"position\":1,\"name\":\"Startseite\",\"item\":\"https:\\\/\\\/lipoedem-zentrum-aachen.de\\\/\"},{\"@type\":\"ListItem\",\"position\":2,\"name\":\"Unser Team\",\"item\":\"https:\\\/\\\/lipoedem-zentrum-aachen.de\\\/index.php\\\/unser-team\\\/\"},{\"@type\":\"ListItem\",\"position\":3,\"name\":\"Dr.\u00a0med. Mohsen Donyawie\"}]},{\"@type\":\"WebSite\",\"@id\":\"https:\\\/\\\/lipoedem-zentrum-aachen.de\\\/#website\",\"url\":\"https:\\\/\\\/lipoedem-zentrum-aachen.de\\\/\",\"name\":\"Lip\u00f6dem Zentrum Aachen\",\"description\":\"wir wollen Ihnen helfen!\",\"potentialAction\":[{\"@type\":\"SearchAction\",\"target\":{\"@type\":\"EntryPoint\",\"urlTemplate\":\"https:\\\/\\\/lipoedem-zentrum-aachen.de\\\/?s={search_term_string}\"},\"query-input\":{\"@type\":\"PropertyValueSpecification\",\"valueRequired\":true,\"valueName\":\"search_term_string\"}}],\"inLanguage\":\"de\"}]}<\/script>\n<!-- \/ Yoast SEO plugin. -->","yoast_head_json":{"title":"Dr.\u00a0med. Mohsen Donyawie - Lip\u00f6dem Zentrum Aachen","description":"Dr.\u00a0med. Mohsen Donyawie - Phlebologe, Gef\u00e4\u00dfchirurg im Venenzentrum Aachen - Mitglied & Facharzt im Lip\u00f6dem Zentrum","robots":{"index":"index","follow":"follow","max-snippet":"max-snippet:-1","max-image-preview":"max-image-preview:large","max-video-preview":"max-video-preview:-1"},"canonical":"https:\/\/lipoedem-zentrum-aachen.de\/index.php\/unser-team\/dr-mohsen-donyawie\/","og_locale":"de_DE","og_type":"article","og_title":"Dr.\u00a0med. Mohsen Donyawie - Lip\u00f6dem Zentrum Aachen","og_description":"Dr.\u00a0med. Mohsen Donyawie - Phlebologe, Gef\u00e4\u00dfchirurg im Venenzentrum Aachen - Mitglied & Facharzt im Lip\u00f6dem Zentrum","og_url":"https:\/\/lipoedem-zentrum-aachen.de\/index.php\/unser-team\/dr-mohsen-donyawie\/","og_site_name":"Lip\u00f6dem Zentrum Aachen","article_modified_time":"2025-05-19T11:45:23+00:00","og_image":[{"width":515,"height":685,"url":"https:\/\/lipoedem-zentrum-aachen.de\/wp-content\/uploads\/2024\/08\/dr-donyawie.jpg","type":"image\/webp"}],"twitter_card":"summary_large_image","twitter_misc":{"Gesch\u00e4tzte Lesezeit":"1\u00a0Minute"},"schema":{"@context":"https:\/\/schema.org","@graph":[{"@type":"WebPage","@id":"https:\/\/lipoedem-zentrum-aachen.de\/index.php\/unser-team\/dr-mohsen-donyawie\/","url":"https:\/\/lipoedem-zentrum-aachen.de\/index.php\/unser-team\/dr-mohsen-donyawie\/","name":"Dr.\u00a0med. Mohsen Donyawie - Lip\u00f6dem Zentrum Aachen","isPartOf":{"@id":"https:\/\/lipoedem-zentrum-aachen.de\/#website"},"primaryImageOfPage":{"@id":"https:\/\/lipoedem-zentrum-aachen.de\/index.php\/unser-team\/dr-mohsen-donyawie\/#primaryimage"},"image":{"@id":"https:\/\/lipoedem-zentrum-aachen.de\/index.php\/unser-team\/dr-mohsen-donyawie\/#primaryimage"},"thumbnailUrl":"https:\/\/lipoedem-zentrum-aachen.de\/wp-content\/uploads\/2024\/08\/dr-donyawie.jpg","datePublished":"2024-06-06T15:33:00+00:00","dateModified":"2025-05-19T11:45:23+00:00","description":"Dr.\u00a0med. Mohsen Donyawie - Phlebologe, Gef\u00e4\u00dfchirurg im Venenzentrum Aachen - Mitglied & Facharzt im Lip\u00f6dem Zentrum","breadcrumb":{"@id":"https:\/\/lipoedem-zentrum-aachen.de\/index.php\/unser-team\/dr-mohsen-donyawie\/#breadcrumb"},"inLanguage":"de","potentialAction":[{"@type":"ReadAction","target":["https:\/\/lipoedem-zentrum-aachen.de\/index.php\/unser-team\/dr-mohsen-donyawie\/"]}]},{"@type":"ImageObject","inLanguage":"de","@id":"https:\/\/lipoedem-zentrum-aachen.de\/index.php\/unser-team\/dr-mohsen-donyawie\/#primaryimage","url":"https:\/\/lipoedem-zentrum-aachen.de\/wp-content\/uploads\/2024\/08\/dr-donyawie.jpg","contentUrl":"https:\/\/lipoedem-zentrum-aachen.de\/wp-content\/uploads\/2024\/08\/dr-donyawie.jpg","width":515,"height":685,"caption":"Dr. M. Donyawie Phlebologe, Gef\u00e4\u00dfchirurg"},{"@type":"BreadcrumbList","@id":"https:\/\/lipoedem-zentrum-aachen.de\/index.php\/unser-team\/dr-mohsen-donyawie\/#breadcrumb","itemListElement":[{"@type":"ListItem","position":1,"name":"Startseite","item":"https:\/\/lipoedem-zentrum-aachen.de\/"},{"@type":"ListItem","position":2,"name":"Unser Team","item":"https:\/\/lipoedem-zentrum-aachen.de\/index.php\/unser-team\/"},{"@type":"ListItem","position":3,"name":"Dr.\u00a0med. Mohsen Donyawie"}]},{"@type":"WebSite","@id":"https:\/\/lipoedem-zentrum-aachen.de\/#website","url":"https:\/\/lipoedem-zentrum-aachen.de\/","name":"Lip\u00f6dem Zentrum Aachen","description":"wir wollen Ihnen helfen!","potentialAction":[{"@type":"SearchAction","target":{"@type":"EntryPoint","urlTemplate":"https:\/\/lipoedem-zentrum-aachen.de\/?s={search_term_string}"},"query-input":{"@type":"PropertyValueSpecification","valueRequired":true,"valueName":"search_term_string"}}],"inLanguage":"de"}]}},"_links":{"self":[{"href":"https:\/\/lipoedem-zentrum-aachen.de\/index.php\/wp-json\/wp\/v2\/pages\/95","targetHints":{"allow":["GET"]}}],"collection":[{"href":"https:\/\/lipoedem-zentrum-aachen.de\/index.php\/wp-json\/wp\/v2\/pages"}],"about":[{"href":"https:\/\/lipoedem-zentrum-aachen.de\/index.php\/wp-json\/wp\/v2\/types\/page"}],"author":[{"embeddable":true,"href":"https:\/\/lipoedem-zentrum-aachen.de\/index.php\/wp-json\/wp\/v2\/users\/1"}],"replies":[{"embeddable":true,"href":"https:\/\/lipoedem-zentrum-aachen.de\/index.php\/wp-json\/wp\/v2\/comments?post=95"}],"version-history":[{"count":0,"href":"https:\/\/lipoedem-zentrum-aachen.de\/index.php\/wp-json\/wp\/v2\/pages\/95\/revisions"}],"up":[{"embeddable":true,"href":"https:\/\/lipoedem-zentrum-aachen.de\/index.php\/wp-json\/wp\/v2\/pages\/65"}],"wp:featuredmedia":[{"embeddable":true,"href":"https:\/\/lipoedem-zentrum-aachen.de\/index.php\/wp-json\/wp\/v2\/media\/429"}],"wp:attachment":[{"href":"https:\/\/lipoedem-zentrum-aachen.de\/index.php\/wp-json\/wp\/v2\/media?parent=95"}],"curies":[{"name":"wp","href":"https:\/\/api.w.org\/{rel}","templated":true}]}}